{"id":9903,"date":"2021-04-13T10:35:48","date_gmt":"2021-04-13T07:35:48","guid":{"rendered":"https:\/\/takanaka.ro\/?post_type=product&#038;p=9903"},"modified":"2022-12-06T10:11:15","modified_gmt":"2022-12-06T08:11:15","slug":"creamy-garlic-prawns","status":"publish","type":"product","link":"https:\/\/takanaka.ro\/ro\/produs\/creamy-garlic-prawns\/","title":{"rendered":"Creve\u021bi \u00een sos alb de sm\u00e2nt\u00e2n\u0103 cu usturoi"},"content":{"rendered":"","protected":false},"excerpt":{"rendered":"<p>Creve\u021bi fragezi, servi\u021bi cu un sos delicios de sm\u00e2nt\u00e2n\u0103, preparat cu unt \u0219i usturoi.<\/p>","protected":false},"featured_media":9907,"comment_status":"closed","ping_status":"closed","template":"","meta":[],"product_brand":[],"product_cat":[195],"product_tag":[],"class_list":{"0":"post-9903","1":"product","2":"type-product","3":"status-publish","4":"has-post-thumbnail","6":"product_cat-seafood","7":"product_shipping_class-standard","8":"pa_allergens-milk-and-derivative-products-including-lactose","9":"pa_allergens-contains-shellfish-and-derivative-products","10":"pa_allergens-egg-free","11":"pa_allergens-natural-ingredients","12":"pa_weight-250gr","14":"first","15":"outofstock","16":"shipping-taxable","17":"purchasable","18":"product-type-simple"},"_links":{"self":[{"href":"https:\/\/takanaka.ro\/ro\/wp-json\/wp\/v2\/product\/9903","targetHints":{"allow":["GET"]}}],"collection":[{"href":"https:\/\/takanaka.ro\/ro\/wp-json\/wp\/v2\/product"}],"about":[{"href":"https:\/\/takanaka.ro\/ro\/wp-json\/wp\/v2\/types\/product"}],"replies":[{"embeddable":true,"href":"https:\/\/takanaka.ro\/ro\/wp-json\/wp\/v2\/comments?post=9903"}],"version-history":[{"count":2,"href":"https:\/\/takanaka.ro\/ro\/wp-json\/wp\/v2\/product\/9903\/revisions"}],"predecessor-version":[{"id":9908,"href":"https:\/\/takanaka.ro\/ro\/wp-json\/wp\/v2\/product\/9903\/revisions\/9908"}],"wp:featuredmedia":[{"embeddable":true,"href":"https:\/\/takanaka.ro\/ro\/wp-json\/wp\/v2\/media\/9907"}],"wp:attachment":[{"href":"https:\/\/takanaka.ro\/ro\/wp-json\/wp\/v2\/media?parent=9903"}],"wp:term":[{"taxonomy":"product_brand","embeddable":true,"href":"https:\/\/takanaka.ro\/ro\/wp-json\/wp\/v2\/product_brand?post=9903"},{"taxonomy":"product_cat","embeddable":true,"href":"https:\/\/takanaka.ro\/ro\/wp-json\/wp\/v2\/product_cat?post=9903"},{"taxonomy":"product_tag","embeddable":true,"href":"https:\/\/takanaka.ro\/ro\/wp-json\/wp\/v2\/product_tag?post=9903"}],"curies":[{"name":"wp","href":"https:\/\/api.w.org\/{rel}","templated":true}]}}