{"id":9857,"date":"2021-04-09T16:32:01","date_gmt":"2021-04-09T13:32:01","guid":{"rendered":"https:\/\/takanaka.ro\/?post_type=product&#038;p=9857"},"modified":"2022-12-06T10:11:40","modified_gmt":"2022-12-06T08:11:40","slug":"beef-steak-tagliata","status":"publish","type":"product","link":"https:\/\/takanaka.ro\/ro\/produs\/beef-steak-tagliata\/","title":{"rendered":"Tagliata de vit\u0103"},"content":{"rendered":"","protected":false},"excerpt":{"rendered":"<p>Mu\u0219chi de vit\u0103 la gr\u0103tar, t\u0103iat \u00een felii sub\u021biri \u0219i servit cu rucola \u0219i ro\u0219ii cherry.<\/p>","protected":false},"featured_media":9861,"comment_status":"closed","ping_status":"closed","template":"","meta":[],"product_brand":[],"product_cat":[52],"product_tag":[],"class_list":{"0":"post-9857","1":"product","2":"type-product","3":"status-publish","4":"has-post-thumbnail","6":"product_cat-main-courses","7":"product_shipping_class-standard","8":"pa_allergens-milk-and-derivative-products-including-lactose","9":"pa_allergens-egg-free","10":"pa_allergens-gluten-free","11":"pa_allergens-natural-ingredients","12":"pa_weight-300gr","14":"first","15":"outofstock","16":"shipping-taxable","17":"purchasable","18":"product-type-simple"},"_links":{"self":[{"href":"https:\/\/takanaka.ro\/ro\/wp-json\/wp\/v2\/product\/9857","targetHints":{"allow":["GET"]}}],"collection":[{"href":"https:\/\/takanaka.ro\/ro\/wp-json\/wp\/v2\/product"}],"about":[{"href":"https:\/\/takanaka.ro\/ro\/wp-json\/wp\/v2\/types\/product"}],"replies":[{"embeddable":true,"href":"https:\/\/takanaka.ro\/ro\/wp-json\/wp\/v2\/comments?post=9857"}],"version-history":[{"count":2,"href":"https:\/\/takanaka.ro\/ro\/wp-json\/wp\/v2\/product\/9857\/revisions"}],"predecessor-version":[{"id":9862,"href":"https:\/\/takanaka.ro\/ro\/wp-json\/wp\/v2\/product\/9857\/revisions\/9862"}],"wp:featuredmedia":[{"embeddable":true,"href":"https:\/\/takanaka.ro\/ro\/wp-json\/wp\/v2\/media\/9861"}],"wp:attachment":[{"href":"https:\/\/takanaka.ro\/ro\/wp-json\/wp\/v2\/media?parent=9857"}],"wp:term":[{"taxonomy":"product_brand","embeddable":true,"href":"https:\/\/takanaka.ro\/ro\/wp-json\/wp\/v2\/product_brand?post=9857"},{"taxonomy":"product_cat","embeddable":true,"href":"https:\/\/takanaka.ro\/ro\/wp-json\/wp\/v2\/product_cat?post=9857"},{"taxonomy":"product_tag","embeddable":true,"href":"https:\/\/takanaka.ro\/ro\/wp-json\/wp\/v2\/product_tag?post=9857"}],"curies":[{"name":"wp","href":"https:\/\/api.w.org\/{rel}","templated":true}]}}