{"id":9851,"date":"2021-04-09T16:24:20","date_gmt":"2021-04-09T13:24:20","guid":{"rendered":"https:\/\/takanaka.ro\/?post_type=product&#038;p=9851"},"modified":"2022-12-06T10:11:47","modified_gmt":"2022-12-06T08:11:47","slug":"grilled-beef-sirloin-with-baked-baby-potatoes","status":"publish","type":"product","link":"https:\/\/takanaka.ro\/ro\/produs\/grilled-beef-sirloin-with-baked-baby-potatoes\/","title":{"rendered":"Mu\u0219chi de vit\u0103 la gr\u0103tar cu cartofi baby la cuptor"},"content":{"rendered":"","protected":false},"excerpt":{"rendered":"<p>Mu\u0219chi de vit\u0103 f\u0103cut la gr\u0103tar servit cu cartofi baby la cuptor.<\/p>","protected":false},"featured_media":9855,"comment_status":"closed","ping_status":"closed","template":"","meta":[],"product_brand":[],"product_cat":[52],"product_tag":[111],"class_list":{"0":"post-9851","1":"product","2":"type-product","3":"status-publish","4":"has-post-thumbnail","6":"product_cat-main-courses","7":"product_tag-beef","8":"product_shipping_class-standard","9":"pa_allergens-milk-and-derivative-products-including-lactose","10":"pa_allergens-egg-free","11":"pa_allergens-gluten-free","12":"pa_allergens-natural-ingredients","13":"pa_weight-350gr","15":"first","16":"outofstock","17":"shipping-taxable","18":"purchasable","19":"product-type-simple"},"_links":{"self":[{"href":"https:\/\/takanaka.ro\/ro\/wp-json\/wp\/v2\/product\/9851","targetHints":{"allow":["GET"]}}],"collection":[{"href":"https:\/\/takanaka.ro\/ro\/wp-json\/wp\/v2\/product"}],"about":[{"href":"https:\/\/takanaka.ro\/ro\/wp-json\/wp\/v2\/types\/product"}],"replies":[{"embeddable":true,"href":"https:\/\/takanaka.ro\/ro\/wp-json\/wp\/v2\/comments?post=9851"}],"version-history":[{"count":2,"href":"https:\/\/takanaka.ro\/ro\/wp-json\/wp\/v2\/product\/9851\/revisions"}],"predecessor-version":[{"id":10013,"href":"https:\/\/takanaka.ro\/ro\/wp-json\/wp\/v2\/product\/9851\/revisions\/10013"}],"wp:featuredmedia":[{"embeddable":true,"href":"https:\/\/takanaka.ro\/ro\/wp-json\/wp\/v2\/media\/9855"}],"wp:attachment":[{"href":"https:\/\/takanaka.ro\/ro\/wp-json\/wp\/v2\/media?parent=9851"}],"wp:term":[{"taxonomy":"product_brand","embeddable":true,"href":"https:\/\/takanaka.ro\/ro\/wp-json\/wp\/v2\/product_brand?post=9851"},{"taxonomy":"product_cat","embeddable":true,"href":"https:\/\/takanaka.ro\/ro\/wp-json\/wp\/v2\/product_cat?post=9851"},{"taxonomy":"product_tag","embeddable":true,"href":"https:\/\/takanaka.ro\/ro\/wp-json\/wp\/v2\/product_tag?post=9851"}],"curies":[{"name":"wp","href":"https:\/\/api.w.org\/{rel}","templated":true}]}}