{"id":9846,"date":"2021-04-14T12:31:59","date_gmt":"2021-04-14T09:31:59","guid":{"rendered":"https:\/\/takanaka.ro\/?post_type=product&#038;p=9846"},"modified":"2022-12-06T10:09:09","modified_gmt":"2022-12-06T08:09:09","slug":"grilled-beef-tenderloin-with-rosemary-and-roasted-baby-potatoes-with-dill","status":"publish","type":"product","link":"https:\/\/takanaka.ro\/ro\/produs\/grilled-beef-tenderloin-with-rosemary-and-roasted-baby-potatoes-with-dill\/","title":{"rendered":"Antricot de vit\u0103 la gr\u0103tar cu rozmarin \u0219i cartofi baby cu m\u0103rar"},"content":{"rendered":"","protected":false},"excerpt":{"rendered":"<p>Antricot de vit\u0103 la gr\u0103tar cu rozmarin, servit al\u0103turi de cartofi baby cop\u021bi la cuptor cu m\u0103rar.<\/p>","protected":false},"featured_media":9850,"comment_status":"closed","ping_status":"closed","template":"","meta":[],"product_brand":[],"product_cat":[52],"product_tag":[111],"class_list":{"0":"post-9846","1":"product","2":"type-product","3":"status-publish","4":"has-post-thumbnail","6":"product_cat-main-courses","7":"product_tag-beef","8":"product_shipping_class-standard","9":"pa_allergens-milk-and-derivative-products-including-lactose","10":"pa_allergens-egg-free","11":"pa_allergens-gluten-free","12":"pa_allergens-natural-ingredients","13":"pa_weight-400gr","15":"first","16":"outofstock","17":"shipping-taxable","18":"purchasable","19":"product-type-simple"},"_links":{"self":[{"href":"https:\/\/takanaka.ro\/ro\/wp-json\/wp\/v2\/product\/9846","targetHints":{"allow":["GET"]}}],"collection":[{"href":"https:\/\/takanaka.ro\/ro\/wp-json\/wp\/v2\/product"}],"about":[{"href":"https:\/\/takanaka.ro\/ro\/wp-json\/wp\/v2\/types\/product"}],"replies":[{"embeddable":true,"href":"https:\/\/takanaka.ro\/ro\/wp-json\/wp\/v2\/comments?post=9846"}],"version-history":[{"count":1,"href":"https:\/\/takanaka.ro\/ro\/wp-json\/wp\/v2\/product\/9846\/revisions"}],"predecessor-version":[{"id":9847,"href":"https:\/\/takanaka.ro\/ro\/wp-json\/wp\/v2\/product\/9846\/revisions\/9847"}],"wp:featuredmedia":[{"embeddable":true,"href":"https:\/\/takanaka.ro\/ro\/wp-json\/wp\/v2\/media\/9850"}],"wp:attachment":[{"href":"https:\/\/takanaka.ro\/ro\/wp-json\/wp\/v2\/media?parent=9846"}],"wp:term":[{"taxonomy":"product_brand","embeddable":true,"href":"https:\/\/takanaka.ro\/ro\/wp-json\/wp\/v2\/product_brand?post=9846"},{"taxonomy":"product_cat","embeddable":true,"href":"https:\/\/takanaka.ro\/ro\/wp-json\/wp\/v2\/product_cat?post=9846"},{"taxonomy":"product_tag","embeddable":true,"href":"https:\/\/takanaka.ro\/ro\/wp-json\/wp\/v2\/product_tag?post=9846"}],"curies":[{"name":"wp","href":"https:\/\/api.w.org\/{rel}","templated":true}]}}