{"id":9427,"date":"2021-03-23T15:27:05","date_gmt":"2021-03-23T13:27:05","guid":{"rendered":"https:\/\/takanaka.ro\/?post_type=product&#038;p=9427"},"modified":"2024-12-09T16:11:18","modified_gmt":"2024-12-09T14:11:18","slug":"easter-cheesecake","status":"publish","type":"product","link":"https:\/\/takanaka.ro\/ro\/produs\/easter-cheesecake\/","title":{"rendered":"Pasc\u0103"},"content":{"rendered":"<p>Pasc\u0103 tradi\u021bional\u0103 de Pa\u0219te, o explozie de arome combinate cu crem\u0103 de br\u00e2nz\u0103 catifelat\u0103 care v\u0103 va demonstra c\u0103 o singur\u0103 felie nu este suficient\u0103.<\/p>","protected":false},"excerpt":{"rendered":"<p>Pasc\u0103 tradi\u021bional\u0103 de Pa\u0219te, o explozie de arome combinate cu crem\u0103 de br\u00e2nz\u0103 catifelat\u0103 care v\u0103 va demonstra c\u0103 o singur\u0103 felie nu este suficient\u0103.<\/p>","protected":false},"featured_media":12315,"comment_status":"closed","ping_status":"closed","template":"","meta":[],"product_brand":[],"product_cat":[52],"product_tag":[],"class_list":{"0":"post-9427","1":"product","2":"type-product","3":"status-publish","4":"has-post-thumbnail","6":"product_cat-main-courses","7":"product_shipping_class-special-time","8":"pa_allergens-contains-eggs","9":"pa_allergens-contains-gluten","10":"pa_allergens-milk-and-derivative-products-including-lactose","11":"pa_allergens-natural-ingredients","12":"pa_allergens-suitable-for-vegetarians","13":"pa_allergens-without-walnuts","14":"pa_pickup-date-29-04-2024","15":"pa_pickup-date-30-04-2024","16":"pa_pickup-time-315","17":"pa_pickup-time-316","18":"pa_pickup-time-264","19":"pa_pickup-time-265","20":"pa_pickup-time-266","21":"pa_pickup-time-267","22":"pa_pickup-time-268","23":"pa_pickup-time-269","24":"pa_pickup-time-270","25":"pa_pickup-time-271","26":"pa_pickup-time-272","27":"pa_pickup-time-273","28":"pa_pickup-time-274","29":"pa_pickup-time-275","30":"pa_pickup-time-276","31":"pa_pickup-time-325","32":"pa_pickup-time-326","33":"pa_weight-1kg","35":"first","36":"outofstock","37":"shipping-taxable","38":"product-type-simple"},"_links":{"self":[{"href":"https:\/\/takanaka.ro\/ro\/wp-json\/wp\/v2\/product\/9427","targetHints":{"allow":["GET"]}}],"collection":[{"href":"https:\/\/takanaka.ro\/ro\/wp-json\/wp\/v2\/product"}],"about":[{"href":"https:\/\/takanaka.ro\/ro\/wp-json\/wp\/v2\/types\/product"}],"replies":[{"embeddable":true,"href":"https:\/\/takanaka.ro\/ro\/wp-json\/wp\/v2\/comments?post=9427"}],"version-history":[{"count":3,"href":"https:\/\/takanaka.ro\/ro\/wp-json\/wp\/v2\/product\/9427\/revisions"}],"predecessor-version":[{"id":12318,"href":"https:\/\/takanaka.ro\/ro\/wp-json\/wp\/v2\/product\/9427\/revisions\/12318"}],"wp:featuredmedia":[{"embeddable":true,"href":"https:\/\/takanaka.ro\/ro\/wp-json\/wp\/v2\/media\/12315"}],"wp:attachment":[{"href":"https:\/\/takanaka.ro\/ro\/wp-json\/wp\/v2\/media?parent=9427"}],"wp:term":[{"taxonomy":"product_brand","embeddable":true,"href":"https:\/\/takanaka.ro\/ro\/wp-json\/wp\/v2\/product_brand?post=9427"},{"taxonomy":"product_cat","embeddable":true,"href":"https:\/\/takanaka.ro\/ro\/wp-json\/wp\/v2\/product_cat?post=9427"},{"taxonomy":"product_tag","embeddable":true,"href":"https:\/\/takanaka.ro\/ro\/wp-json\/wp\/v2\/product_tag?post=9427"}],"curies":[{"name":"wp","href":"https:\/\/api.w.org\/{rel}","templated":true}]}}