{"id":9421,"date":"2021-03-23T15:06:36","date_gmt":"2021-03-23T13:06:36","guid":{"rendered":"https:\/\/takanaka.ro\/?post_type=product&#038;p=9421"},"modified":"2021-11-29T16:18:59","modified_gmt":"2021-11-29T14:18:59","slug":"lamb-delight-menu","status":"publish","type":"product","link":"https:\/\/takanaka.ro\/ro\/produs\/lamb-delight-menu\/","title":{"rendered":"Meniu Lamb Delight"},"content":{"rendered":"","protected":false},"excerpt":{"rendered":"<p>Ve\u021bi g\u0103si excep\u021bionalele preparate tradi\u021bionale de miel reinterpretate \u00een meniul nostru \u201eLamb Delight\u201d, al\u0103turi de alte feluri de m\u00e2ncare delicioase - un platou cu aperitive apetisante \u0219i o sup\u0103 s\u0103\u021bioas\u0103 de miel cu sm\u00e2nt\u00e2n\u0103.<\/p>\n<p>Consulta\u021bi meniul <a href=\"https:\/\/takanaka.ro\/wp-content\/uploads\/2021\/03\/Takanaka-Lamb-Delight-Menu.pdf\" target=\"_blank\" rel=\"noopener\">aici<\/a>.<\/p>","protected":false},"featured_media":9479,"comment_status":"closed","ping_status":"closed","template":"","meta":[],"product_brand":[],"product_cat":[192],"product_tag":[],"class_list":{"0":"post-9421","1":"product","2":"type-product","3":"status-publish","4":"has-post-thumbnail","6":"product_cat-easter-celebration-menu","7":"product_shipping_class-standard","8":"pa_allergens-contains-celery-or-derivatives","9":"pa_allergens-contains-eggs","10":"pa_allergens-contains-fish","11":"pa_allergens-contains-gluten","12":"pa_allergens-milk-and-derivative-products-including-lactose","13":"pa_allergens-contains-mustard","14":"pa_allergens-contains-nuts","15":"pa_allergens-natural-ingredients","17":"first","18":"outofstock","19":"shipping-taxable","20":"purchasable","21":"product-type-simple"},"_links":{"self":[{"href":"https:\/\/takanaka.ro\/ro\/wp-json\/wp\/v2\/product\/9421","targetHints":{"allow":["GET"]}}],"collection":[{"href":"https:\/\/takanaka.ro\/ro\/wp-json\/wp\/v2\/product"}],"about":[{"href":"https:\/\/takanaka.ro\/ro\/wp-json\/wp\/v2\/types\/product"}],"replies":[{"embeddable":true,"href":"https:\/\/takanaka.ro\/ro\/wp-json\/wp\/v2\/comments?post=9421"}],"version-history":[{"count":4,"href":"https:\/\/takanaka.ro\/ro\/wp-json\/wp\/v2\/product\/9421\/revisions"}],"predecessor-version":[{"id":9705,"href":"https:\/\/takanaka.ro\/ro\/wp-json\/wp\/v2\/product\/9421\/revisions\/9705"}],"wp:featuredmedia":[{"embeddable":true,"href":"https:\/\/takanaka.ro\/ro\/wp-json\/wp\/v2\/media\/9479"}],"wp:attachment":[{"href":"https:\/\/takanaka.ro\/ro\/wp-json\/wp\/v2\/media?parent=9421"}],"wp:term":[{"taxonomy":"product_brand","embeddable":true,"href":"https:\/\/takanaka.ro\/ro\/wp-json\/wp\/v2\/product_brand?post=9421"},{"taxonomy":"product_cat","embeddable":true,"href":"https:\/\/takanaka.ro\/ro\/wp-json\/wp\/v2\/product_cat?post=9421"},{"taxonomy":"product_tag","embeddable":true,"href":"https:\/\/takanaka.ro\/ro\/wp-json\/wp\/v2\/product_tag?post=9421"}],"curies":[{"name":"wp","href":"https:\/\/api.w.org\/{rel}","templated":true}]}}