{"id":9415,"date":"2021-03-23T14:13:44","date_gmt":"2021-03-23T12:13:44","guid":{"rendered":"https:\/\/takanaka.ro\/?post_type=product&#038;p=9415"},"modified":"2021-11-29T16:19:00","modified_gmt":"2021-11-29T14:19:00","slug":"veggie-lovers-menu","status":"publish","type":"product","link":"https:\/\/takanaka.ro\/ro\/produs\/veggie-lovers-menu\/","title":{"rendered":"Veggie Lovers Easter Menu"},"content":{"rendered":"","protected":false},"excerpt":{"rendered":"<p>Meniul nostru \u201eVeggie Lovers\u201d este visul oric\u0103rui vegetarian. Platoul de aperitive perfect echilibrat este completat de felul nostru principal - s\u0103rm\u0103lu\u021be \u00een foi de vi\u021b\u0103 umplute cu orez \u0219i ciuperci.<\/p>\n<p>Consulta\u021bi meniul <a href=\"https:\/\/takanaka.ro\/wp-content\/uploads\/2021\/03\/Takanaka-Veggie-Lovers-Menu.pdf\" target=\"_blank\" rel=\"noopener\">aici<\/a>.<\/p>","protected":false},"featured_media":9481,"comment_status":"closed","ping_status":"closed","template":"","meta":[],"product_brand":[],"product_cat":[192],"product_tag":[],"class_list":{"0":"post-9415","1":"product","2":"type-product","3":"status-publish","4":"has-post-thumbnail","6":"product_cat-easter-celebration-menu","7":"product_shipping_class-standard","8":"pa_allergens-contains-celery-or-derivatives","9":"pa_allergens-contains-eggs","10":"pa_allergens-contains-fish","11":"pa_allergens-contains-gluten","12":"pa_allergens-milk-and-derivative-products-including-lactose","13":"pa_allergens-contains-nuts","14":"pa_allergens-sesame-seeds-and-derivative-products","15":"pa_allergens-natural-ingredients","16":"pa_allergens-suitable-for-vegetarians","18":"first","19":"outofstock","20":"shipping-taxable","21":"purchasable","22":"product-type-simple"},"_links":{"self":[{"href":"https:\/\/takanaka.ro\/ro\/wp-json\/wp\/v2\/product\/9415","targetHints":{"allow":["GET"]}}],"collection":[{"href":"https:\/\/takanaka.ro\/ro\/wp-json\/wp\/v2\/product"}],"about":[{"href":"https:\/\/takanaka.ro\/ro\/wp-json\/wp\/v2\/types\/product"}],"replies":[{"embeddable":true,"href":"https:\/\/takanaka.ro\/ro\/wp-json\/wp\/v2\/comments?post=9415"}],"version-history":[{"count":6,"href":"https:\/\/takanaka.ro\/ro\/wp-json\/wp\/v2\/product\/9415\/revisions"}],"predecessor-version":[{"id":9703,"href":"https:\/\/takanaka.ro\/ro\/wp-json\/wp\/v2\/product\/9415\/revisions\/9703"}],"wp:featuredmedia":[{"embeddable":true,"href":"https:\/\/takanaka.ro\/ro\/wp-json\/wp\/v2\/media\/9481"}],"wp:attachment":[{"href":"https:\/\/takanaka.ro\/ro\/wp-json\/wp\/v2\/media?parent=9415"}],"wp:term":[{"taxonomy":"product_brand","embeddable":true,"href":"https:\/\/takanaka.ro\/ro\/wp-json\/wp\/v2\/product_brand?post=9415"},{"taxonomy":"product_cat","embeddable":true,"href":"https:\/\/takanaka.ro\/ro\/wp-json\/wp\/v2\/product_cat?post=9415"},{"taxonomy":"product_tag","embeddable":true,"href":"https:\/\/takanaka.ro\/ro\/wp-json\/wp\/v2\/product_tag?post=9415"}],"curies":[{"name":"wp","href":"https:\/\/api.w.org\/{rel}","templated":true}]}}