{"id":8247,"date":"2020-12-09T16:24:21","date_gmt":"2020-12-09T14:24:21","guid":{"rendered":"https:\/\/takanaka.ro\/?post_type=product&#038;p=8247"},"modified":"2021-12-28T11:56:17","modified_gmt":"2021-12-28T09:56:17","slug":"romanian-traditional-sweet-bread-with-walnuts-and-cocoa","status":"publish","type":"product","link":"https:\/\/takanaka.ro\/ro\/produs\/romanian-traditional-sweet-bread-with-walnuts-and-cocoa\/","title":{"rendered":"Cozonac"},"content":{"rendered":"","protected":false},"excerpt":{"rendered":"<p>Preparat specific rom\u00e2nesc produs dup\u0103 o re\u021bet\u0103 tradi\u021bional\u0103. Pute\u021bi alege dintre diferite combina\u021bii:<br \/>\n\u25cf Cozonac cu nuc\u0103 \u0219i cacao<br \/>\n\u25cf Cozonac cu rahat<br \/>\n\u25cf Cozonac cu seminte de mac<br \/>\n\u25cf Cozonac f\u0103r\u0103 nuc\u0103<\/p>","protected":false},"featured_media":8357,"comment_status":"closed","ping_status":"closed","template":"","meta":[],"product_brand":[],"product_cat":[169],"product_tag":[],"class_list":{"0":"post-8247","1":"product","2":"type-product","3":"status-publish","4":"has-post-thumbnail","6":"product_cat-winter-festive-menu","7":"product_shipping_class-special-time","8":"pa_allergens-contains-eggs","9":"pa_allergens-contains-gluten","10":"pa_allergens-milk-and-derivative-products-including-lactose","11":"pa_allergens-contains-nuts","12":"pa_allergens-natural-ingredients","13":"pa_allergens-suitable-for-vegetarians","14":"pa_filling-walnut-free","15":"pa_filling-walnuts-and-cocoa","16":"pa_filling-turkish-delight","17":"pa_filling-poppy-seeds","18":"pa_pickup-time-264","19":"pa_pickup-time-265","20":"pa_pickup-time-266","21":"pa_pickup-time-267","22":"pa_pickup-time-268","23":"pa_pickup-time-269","24":"pa_pickup-time-270","25":"pa_pickup-time-271","26":"pa_pickup-time-272","27":"pa_pickup-time-273","28":"pa_pickup-time-274","29":"pa_pickup-time-275","30":"pa_pickup-time-276","31":"pa_weight-1kg","33":"first","34":"outofstock","35":"shipping-taxable","36":"purchasable","37":"product-type-variable"},"_links":{"self":[{"href":"https:\/\/takanaka.ro\/ro\/wp-json\/wp\/v2\/product\/8247","targetHints":{"allow":["GET"]}}],"collection":[{"href":"https:\/\/takanaka.ro\/ro\/wp-json\/wp\/v2\/product"}],"about":[{"href":"https:\/\/takanaka.ro\/ro\/wp-json\/wp\/v2\/types\/product"}],"replies":[{"embeddable":true,"href":"https:\/\/takanaka.ro\/ro\/wp-json\/wp\/v2\/comments?post=8247"}],"version-history":[{"count":3,"href":"https:\/\/takanaka.ro\/ro\/wp-json\/wp\/v2\/product\/8247\/revisions"}],"predecessor-version":[{"id":8253,"href":"https:\/\/takanaka.ro\/ro\/wp-json\/wp\/v2\/product\/8247\/revisions\/8253"}],"wp:featuredmedia":[{"embeddable":true,"href":"https:\/\/takanaka.ro\/ro\/wp-json\/wp\/v2\/media\/8357"}],"wp:attachment":[{"href":"https:\/\/takanaka.ro\/ro\/wp-json\/wp\/v2\/media?parent=8247"}],"wp:term":[{"taxonomy":"product_brand","embeddable":true,"href":"https:\/\/takanaka.ro\/ro\/wp-json\/wp\/v2\/product_brand?post=8247"},{"taxonomy":"product_cat","embeddable":true,"href":"https:\/\/takanaka.ro\/ro\/wp-json\/wp\/v2\/product_cat?post=8247"},{"taxonomy":"product_tag","embeddable":true,"href":"https:\/\/takanaka.ro\/ro\/wp-json\/wp\/v2\/product_tag?post=8247"}],"curies":[{"name":"wp","href":"https:\/\/api.w.org\/{rel}","templated":true}]}}