{"id":7799,"date":"2020-06-05T15:07:17","date_gmt":"2020-06-05T12:07:17","guid":{"rendered":"https:\/\/takanaka.ro\/?post_type=product&#038;p=7799"},"modified":"2022-12-06T10:16:49","modified_gmt":"2022-12-06T08:16:49","slug":"pavlova","status":"publish","type":"product","link":"https:\/\/takanaka.ro\/ro\/produs\/pavlova\/","title":{"rendered":"Pavlova"},"content":{"rendered":"","protected":false},"excerpt":{"rendered":"<p>Desertul de var\u0103 irezistibil, cu  o crust\u0103 dulce, bezea \u00een interior \u0219i acoperit cu crem\u0103 \u0219i fructe proaspete de p\u0103dure.<\/p>","protected":false},"featured_media":7793,"comment_status":"open","ping_status":"closed","template":"","meta":[],"product_brand":[],"product_cat":[56],"product_tag":[93,164],"class_list":{"0":"post-7799","1":"product","2":"type-product","3":"status-publish","4":"has-post-thumbnail","6":"product_cat-desserts","7":"product_tag-fresh-fruit","8":"product_tag-meringue","9":"product_shipping_class-standard","10":"pa_allergens-contains-eggs","11":"pa_allergens-milk-and-derivative-products-including-lactose","12":"pa_allergens-natural-ingredients","13":"pa_allergens-suitable-for-vegetarians","14":"pa_weight-1piece100gr","16":"first","17":"outofstock","18":"shipping-taxable","19":"purchasable","20":"product-type-simple"},"_links":{"self":[{"href":"https:\/\/takanaka.ro\/ro\/wp-json\/wp\/v2\/product\/7799","targetHints":{"allow":["GET"]}}],"collection":[{"href":"https:\/\/takanaka.ro\/ro\/wp-json\/wp\/v2\/product"}],"about":[{"href":"https:\/\/takanaka.ro\/ro\/wp-json\/wp\/v2\/types\/product"}],"replies":[{"embeddable":true,"href":"https:\/\/takanaka.ro\/ro\/wp-json\/wp\/v2\/comments?post=7799"}],"version-history":[{"count":2,"href":"https:\/\/takanaka.ro\/ro\/wp-json\/wp\/v2\/product\/7799\/revisions"}],"predecessor-version":[{"id":7801,"href":"https:\/\/takanaka.ro\/ro\/wp-json\/wp\/v2\/product\/7799\/revisions\/7801"}],"wp:featuredmedia":[{"embeddable":true,"href":"https:\/\/takanaka.ro\/ro\/wp-json\/wp\/v2\/media\/7793"}],"wp:attachment":[{"href":"https:\/\/takanaka.ro\/ro\/wp-json\/wp\/v2\/media?parent=7799"}],"wp:term":[{"taxonomy":"product_brand","embeddable":true,"href":"https:\/\/takanaka.ro\/ro\/wp-json\/wp\/v2\/product_brand?post=7799"},{"taxonomy":"product_cat","embeddable":true,"href":"https:\/\/takanaka.ro\/ro\/wp-json\/wp\/v2\/product_cat?post=7799"},{"taxonomy":"product_tag","embeddable":true,"href":"https:\/\/takanaka.ro\/ro\/wp-json\/wp\/v2\/product_tag?post=7799"}],"curies":[{"name":"wp","href":"https:\/\/api.w.org\/{rel}","templated":true}]}}