{"id":7719,"date":"2020-06-01T12:00:47","date_gmt":"2020-06-01T09:00:47","guid":{"rendered":"https:\/\/takanaka.ro\/?post_type=product&#038;p=7719"},"modified":"2022-12-06T10:17:08","modified_gmt":"2022-12-06T08:17:08","slug":"lemonade","status":"publish","type":"product","link":"https:\/\/takanaka.ro\/ro\/produs\/lemonade\/","title":{"rendered":"Limonad\u0103"},"content":{"rendered":"","protected":false},"excerpt":{"rendered":"<p>Limonad\u0103 rece \u00eendulcit\u0103 cu miere.<\/p>","protected":false},"featured_media":7720,"comment_status":"closed","ping_status":"closed","template":"","meta":[],"product_brand":[],"product_cat":[152],"product_tag":[155,159],"class_list":{"0":"post-7719","1":"product","2":"type-product","3":"status-publish","4":"has-post-thumbnail","6":"product_cat-drinks","7":"product_tag-drink","8":"product_tag-lemonnade","9":"product_shipping_class-standard","10":"pa_allergens-egg-free","11":"pa_allergens-gluten-free","12":"pa_allergens-lactose-free","13":"pa_allergens-natural-ingredients","14":"pa_allergens-suitable-for-vegans","15":"pa_allergens-suitable-for-vegetarians","16":"pa_volume-300ml","18":"first","19":"outofstock","20":"shipping-taxable","21":"purchasable","22":"product-type-simple"},"_links":{"self":[{"href":"https:\/\/takanaka.ro\/ro\/wp-json\/wp\/v2\/product\/7719","targetHints":{"allow":["GET"]}}],"collection":[{"href":"https:\/\/takanaka.ro\/ro\/wp-json\/wp\/v2\/product"}],"about":[{"href":"https:\/\/takanaka.ro\/ro\/wp-json\/wp\/v2\/types\/product"}],"replies":[{"embeddable":true,"href":"https:\/\/takanaka.ro\/ro\/wp-json\/wp\/v2\/comments?post=7719"}],"version-history":[{"count":2,"href":"https:\/\/takanaka.ro\/ro\/wp-json\/wp\/v2\/product\/7719\/revisions"}],"predecessor-version":[{"id":7724,"href":"https:\/\/takanaka.ro\/ro\/wp-json\/wp\/v2\/product\/7719\/revisions\/7724"}],"wp:featuredmedia":[{"embeddable":true,"href":"https:\/\/takanaka.ro\/ro\/wp-json\/wp\/v2\/media\/7720"}],"wp:attachment":[{"href":"https:\/\/takanaka.ro\/ro\/wp-json\/wp\/v2\/media?parent=7719"}],"wp:term":[{"taxonomy":"product_brand","embeddable":true,"href":"https:\/\/takanaka.ro\/ro\/wp-json\/wp\/v2\/product_brand?post=7719"},{"taxonomy":"product_cat","embeddable":true,"href":"https:\/\/takanaka.ro\/ro\/wp-json\/wp\/v2\/product_cat?post=7719"},{"taxonomy":"product_tag","embeddable":true,"href":"https:\/\/takanaka.ro\/ro\/wp-json\/wp\/v2\/product_tag?post=7719"}],"curies":[{"name":"wp","href":"https:\/\/api.w.org\/{rel}","templated":true}]}}