{"id":6873,"date":"2020-05-12T16:45:39","date_gmt":"2020-05-12T13:45:39","guid":{"rendered":"https:\/\/takanaka.britishschool.ro\/?post_type=product&#038;p=6873"},"modified":"2022-12-06T10:17:43","modified_gmt":"2022-12-06T08:17:43","slug":"sour-chicken-soup","status":"publish","type":"product","link":"https:\/\/takanaka.ro\/ro\/produs\/sour-chicken-soup\/","title":{"rendered":"Ciorb\u0103 r\u0103d\u0103u\u021bean\u0103"},"content":{"rendered":"","protected":false},"excerpt":{"rendered":"<p>Ciorb\u0103 de pui g\u0103tit\u0103 la foc mic plin\u0103 de arom\u0103 cu sm\u00e2nt\u00e2n\u0103 proasp\u0103t\u0103 \u0219i usturoi.<\/p>","protected":false},"featured_media":7198,"comment_status":"open","ping_status":"closed","template":"","meta":[],"product_brand":[],"product_cat":[51],"product_tag":[83,124,81,82,123],"class_list":{"0":"post-6873","1":"product","2":"type-product","3":"status-publish","4":"has-post-thumbnail","6":"product_cat-soups","7":"product_tag-chicken-soup","8":"product_tag-garlic","9":"product_tag-soup","10":"product_tag-sour-soup","11":"product_tag-vegetables","12":"product_shipping_class-standard","13":"pa_allergens-contains-celery-or-derivatives","14":"pa_allergens-contains-eggs","15":"pa_allergens-milk-and-derivative-products-including-lactose","16":"pa_allergens-gluten-free","17":"pa_allergens-natural-ingredients","18":"pa_volume-350ml","19":"pa_volume-1000-ml","21":"first","22":"outofstock","23":"shipping-taxable","24":"purchasable","25":"product-type-variable"},"_links":{"self":[{"href":"https:\/\/takanaka.ro\/ro\/wp-json\/wp\/v2\/product\/6873","targetHints":{"allow":["GET"]}}],"collection":[{"href":"https:\/\/takanaka.ro\/ro\/wp-json\/wp\/v2\/product"}],"about":[{"href":"https:\/\/takanaka.ro\/ro\/wp-json\/wp\/v2\/types\/product"}],"replies":[{"embeddable":true,"href":"https:\/\/takanaka.ro\/ro\/wp-json\/wp\/v2\/comments?post=6873"}],"version-history":[{"count":3,"href":"https:\/\/takanaka.ro\/ro\/wp-json\/wp\/v2\/product\/6873\/revisions"}],"predecessor-version":[{"id":10222,"href":"https:\/\/takanaka.ro\/ro\/wp-json\/wp\/v2\/product\/6873\/revisions\/10222"}],"wp:featuredmedia":[{"embeddable":true,"href":"https:\/\/takanaka.ro\/ro\/wp-json\/wp\/v2\/media\/7198"}],"wp:attachment":[{"href":"https:\/\/takanaka.ro\/ro\/wp-json\/wp\/v2\/media?parent=6873"}],"wp:term":[{"taxonomy":"product_brand","embeddable":true,"href":"https:\/\/takanaka.ro\/ro\/wp-json\/wp\/v2\/product_brand?post=6873"},{"taxonomy":"product_cat","embeddable":true,"href":"https:\/\/takanaka.ro\/ro\/wp-json\/wp\/v2\/product_cat?post=6873"},{"taxonomy":"product_tag","embeddable":true,"href":"https:\/\/takanaka.ro\/ro\/wp-json\/wp\/v2\/product_tag?post=6873"}],"curies":[{"name":"wp","href":"https:\/\/api.w.org\/{rel}","templated":true}]}}