{"id":6868,"date":"2020-05-12T16:42:46","date_gmt":"2020-05-12T13:42:46","guid":{"rendered":"https:\/\/takanaka.britishschool.ro\/?post_type=product&#038;p=6868"},"modified":"2022-12-06T10:17:54","modified_gmt":"2022-12-06T08:17:54","slug":"beef-soup","status":"publish","type":"product","link":"https:\/\/takanaka.ro\/ro\/produs\/beef-soup\/","title":{"rendered":"Ciorb\u0103 de v\u0103cu\u021b\u0103"},"content":{"rendered":"","protected":false},"excerpt":{"rendered":"<p>Cele mai bune buc\u0103\u021bi de carne, fierte \u00een bor\u0219 de legume intr\u0103 \u00een supa noastr\u0103 s\u0103n\u0103toas\u0103 tradi\u021bional\u0103 de vit\u0103.<\/p>","protected":false},"featured_media":7199,"comment_status":"open","ping_status":"closed","template":"","meta":[],"product_brand":[],"product_cat":[51],"product_tag":[84,81],"class_list":{"0":"post-6868","1":"product","2":"type-product","3":"status-publish","4":"has-post-thumbnail","6":"product_cat-soups","7":"product_tag-beef-soup","8":"product_tag-soup","9":"product_shipping_class-standard","10":"pa_allergens-contains-celery-or-derivatives","11":"pa_allergens-egg-free","12":"pa_allergens-gluten-free","13":"pa_allergens-lactose-free","14":"pa_allergens-natural-ingredients","15":"pa_volume-350ml","16":"pa_volume-1000-ml","18":"first","19":"outofstock","20":"shipping-taxable","21":"purchasable","22":"product-type-variable"},"_links":{"self":[{"href":"https:\/\/takanaka.ro\/ro\/wp-json\/wp\/v2\/product\/6868","targetHints":{"allow":["GET"]}}],"collection":[{"href":"https:\/\/takanaka.ro\/ro\/wp-json\/wp\/v2\/product"}],"about":[{"href":"https:\/\/takanaka.ro\/ro\/wp-json\/wp\/v2\/types\/product"}],"replies":[{"embeddable":true,"href":"https:\/\/takanaka.ro\/ro\/wp-json\/wp\/v2\/comments?post=6868"}],"version-history":[{"count":3,"href":"https:\/\/takanaka.ro\/ro\/wp-json\/wp\/v2\/product\/6868\/revisions"}],"predecessor-version":[{"id":10159,"href":"https:\/\/takanaka.ro\/ro\/wp-json\/wp\/v2\/product\/6868\/revisions\/10159"}],"wp:featuredmedia":[{"embeddable":true,"href":"https:\/\/takanaka.ro\/ro\/wp-json\/wp\/v2\/media\/7199"}],"wp:attachment":[{"href":"https:\/\/takanaka.ro\/ro\/wp-json\/wp\/v2\/media?parent=6868"}],"wp:term":[{"taxonomy":"product_brand","embeddable":true,"href":"https:\/\/takanaka.ro\/ro\/wp-json\/wp\/v2\/product_brand?post=6868"},{"taxonomy":"product_cat","embeddable":true,"href":"https:\/\/takanaka.ro\/ro\/wp-json\/wp\/v2\/product_cat?post=6868"},{"taxonomy":"product_tag","embeddable":true,"href":"https:\/\/takanaka.ro\/ro\/wp-json\/wp\/v2\/product_tag?post=6868"}],"curies":[{"name":"wp","href":"https:\/\/api.w.org\/{rel}","templated":true}]}}