{"id":6863,"date":"2020-05-12T16:38:32","date_gmt":"2020-05-12T13:38:32","guid":{"rendered":"https:\/\/takanaka.britishschool.ro\/?post_type=product&#038;p=6863"},"modified":"2022-12-06T10:18:05","modified_gmt":"2022-12-06T08:18:05","slug":"meatball-soup","status":"publish","type":"product","link":"https:\/\/takanaka.ro\/ro\/produs\/meatball-soup\/","title":{"rendered":"Ciorb\u0103 de peri\u0219oare"},"content":{"rendered":"","protected":false},"excerpt":{"rendered":"<p>Re\u021beta noastr\u0103 special\u0103 de ciorb\u0103 de peri\u0219oare cu p\u0103trunjel este g\u0103tit\u0103 la foc mic pentru a permite aromelor s\u0103 creeze un tot delicios.<\/p>","protected":false},"featured_media":7200,"comment_status":"open","ping_status":"closed","template":"","meta":[],"product_brand":[],"product_cat":[51],"product_tag":[85,86,81],"class_list":{"0":"post-6863","1":"product","2":"type-product","3":"status-publish","4":"has-post-thumbnail","6":"product_cat-soups","7":"product_tag-meatball","8":"product_tag-meatball-soup","9":"product_tag-soup","10":"product_shipping_class-standard","11":"pa_allergens-contains-celery-or-derivatives","12":"pa_allergens-contains-eggs","13":"pa_allergens-gluten-free","14":"pa_allergens-lactose-free","15":"pa_allergens-natural-ingredients","16":"pa_volume-350ml","17":"pa_volume-1000-ml","19":"first","20":"outofstock","21":"shipping-taxable","22":"purchasable","23":"product-type-variable"},"_links":{"self":[{"href":"https:\/\/takanaka.ro\/ro\/wp-json\/wp\/v2\/product\/6863","targetHints":{"allow":["GET"]}}],"collection":[{"href":"https:\/\/takanaka.ro\/ro\/wp-json\/wp\/v2\/product"}],"about":[{"href":"https:\/\/takanaka.ro\/ro\/wp-json\/wp\/v2\/types\/product"}],"replies":[{"embeddable":true,"href":"https:\/\/takanaka.ro\/ro\/wp-json\/wp\/v2\/comments?post=6863"}],"version-history":[{"count":3,"href":"https:\/\/takanaka.ro\/ro\/wp-json\/wp\/v2\/product\/6863\/revisions"}],"predecessor-version":[{"id":10157,"href":"https:\/\/takanaka.ro\/ro\/wp-json\/wp\/v2\/product\/6863\/revisions\/10157"}],"wp:featuredmedia":[{"embeddable":true,"href":"https:\/\/takanaka.ro\/ro\/wp-json\/wp\/v2\/media\/7200"}],"wp:attachment":[{"href":"https:\/\/takanaka.ro\/ro\/wp-json\/wp\/v2\/media?parent=6863"}],"wp:term":[{"taxonomy":"product_brand","embeddable":true,"href":"https:\/\/takanaka.ro\/ro\/wp-json\/wp\/v2\/product_brand?post=6863"},{"taxonomy":"product_cat","embeddable":true,"href":"https:\/\/takanaka.ro\/ro\/wp-json\/wp\/v2\/product_cat?post=6863"},{"taxonomy":"product_tag","embeddable":true,"href":"https:\/\/takanaka.ro\/ro\/wp-json\/wp\/v2\/product_tag?post=6863"}],"curies":[{"name":"wp","href":"https:\/\/api.w.org\/{rel}","templated":true}]}}