{"id":6858,"date":"2020-05-12T16:35:25","date_gmt":"2020-05-12T13:35:25","guid":{"rendered":"https:\/\/takanaka.britishschool.ro\/?post_type=product&#038;p=6858"},"modified":"2022-12-06T10:18:13","modified_gmt":"2022-12-06T08:18:13","slug":"creamy-mushroom-soup","status":"publish","type":"product","link":"https:\/\/takanaka.ro\/ro\/produs\/creamy-mushroom-soup\/","title":{"rendered":"Sup\u0103 crem\u0103 de ciuperci"},"content":{"rendered":"","protected":false},"excerpt":{"rendered":"<p>Supa noastr\u0103 de ciuperci cu sm\u00e2nt\u00e2n\u0103 \u0219i p\u0103trunjel proasp\u0103t este plin\u0103 de arom\u0103 \u0219i cu o savoare aparte!<\/p>","protected":false},"featured_media":7201,"comment_status":"open","ping_status":"closed","template":"","meta":[],"product_brand":[],"product_cat":[51],"product_tag":[87,88,81,89],"class_list":{"0":"post-6858","1":"product","2":"type-product","3":"status-publish","4":"has-post-thumbnail","6":"product_cat-soups","7":"product_tag-creamy-soup","8":"product_tag-mushrom-soup","9":"product_tag-soup","10":"product_tag-vegetarian","11":"product_shipping_class-standard","12":"pa_allergens-contains-gluten","13":"pa_allergens-milk-and-derivative-products-including-lactose","14":"pa_allergens-egg-free","15":"pa_allergens-natural-ingredients","16":"pa_allergens-suitable-for-vegetarians","17":"pa_volume-350ml","18":"pa_volume-1000-ml","20":"first","21":"outofstock","22":"shipping-taxable","23":"purchasable","24":"product-type-variable"},"_links":{"self":[{"href":"https:\/\/takanaka.ro\/ro\/wp-json\/wp\/v2\/product\/6858","targetHints":{"allow":["GET"]}}],"collection":[{"href":"https:\/\/takanaka.ro\/ro\/wp-json\/wp\/v2\/product"}],"about":[{"href":"https:\/\/takanaka.ro\/ro\/wp-json\/wp\/v2\/types\/product"}],"replies":[{"embeddable":true,"href":"https:\/\/takanaka.ro\/ro\/wp-json\/wp\/v2\/comments?post=6858"}],"version-history":[{"count":2,"href":"https:\/\/takanaka.ro\/ro\/wp-json\/wp\/v2\/product\/6858\/revisions"}],"predecessor-version":[{"id":10156,"href":"https:\/\/takanaka.ro\/ro\/wp-json\/wp\/v2\/product\/6858\/revisions\/10156"}],"wp:featuredmedia":[{"embeddable":true,"href":"https:\/\/takanaka.ro\/ro\/wp-json\/wp\/v2\/media\/7201"}],"wp:attachment":[{"href":"https:\/\/takanaka.ro\/ro\/wp-json\/wp\/v2\/media?parent=6858"}],"wp:term":[{"taxonomy":"product_brand","embeddable":true,"href":"https:\/\/takanaka.ro\/ro\/wp-json\/wp\/v2\/product_brand?post=6858"},{"taxonomy":"product_cat","embeddable":true,"href":"https:\/\/takanaka.ro\/ro\/wp-json\/wp\/v2\/product_cat?post=6858"},{"taxonomy":"product_tag","embeddable":true,"href":"https:\/\/takanaka.ro\/ro\/wp-json\/wp\/v2\/product_tag?post=6858"}],"curies":[{"name":"wp","href":"https:\/\/api.w.org\/{rel}","templated":true}]}}