{"id":6853,"date":"2020-05-12T16:22:35","date_gmt":"2020-05-12T13:22:35","guid":{"rendered":"https:\/\/takanaka.britishschool.ro\/?post_type=product&#038;p=6853"},"modified":"2022-12-06T10:18:22","modified_gmt":"2022-12-06T08:18:22","slug":"creamy-lentil-soup","status":"publish","type":"product","link":"https:\/\/takanaka.ro\/ro\/produs\/creamy-lentil-soup\/","title":{"rendered":"Sup\u0103 crem\u0103 de linte"},"content":{"rendered":"","protected":false},"excerpt":{"rendered":"<p>Supa noastr\u0103 cremoas\u0103 de linte este super s\u0103\u021bioas\u0103, gustoas\u0103 \u0219i una dintre m\u00e2nc\u0103rurile noastre vegetariene preferate!<\/p>","protected":false},"featured_media":7202,"comment_status":"open","ping_status":"closed","template":"","meta":[],"product_brand":[],"product_cat":[51],"product_tag":[87,81,89],"class_list":{"0":"post-6853","1":"product","2":"type-product","3":"status-publish","4":"has-post-thumbnail","6":"product_cat-soups","7":"product_tag-creamy-soup","8":"product_tag-soup","9":"product_tag-vegetarian","10":"product_shipping_class-standard","11":"pa_allergens-contains-celery-or-derivatives","12":"pa_allergens-contains-gluten","13":"pa_allergens-milk-and-derivative-products-including-lactose","14":"pa_allergens-egg-free","15":"pa_allergens-natural-ingredients","16":"pa_allergens-suitable-for-vegetarians","17":"pa_volume-350ml","18":"pa_volume-1000-ml","20":"first","21":"outofstock","22":"shipping-taxable","23":"purchasable","24":"product-type-variable"},"_links":{"self":[{"href":"https:\/\/takanaka.ro\/ro\/wp-json\/wp\/v2\/product\/6853","targetHints":{"allow":["GET"]}}],"collection":[{"href":"https:\/\/takanaka.ro\/ro\/wp-json\/wp\/v2\/product"}],"about":[{"href":"https:\/\/takanaka.ro\/ro\/wp-json\/wp\/v2\/types\/product"}],"replies":[{"embeddable":true,"href":"https:\/\/takanaka.ro\/ro\/wp-json\/wp\/v2\/comments?post=6853"}],"version-history":[{"count":6,"href":"https:\/\/takanaka.ro\/ro\/wp-json\/wp\/v2\/product\/6853\/revisions"}],"predecessor-version":[{"id":10067,"href":"https:\/\/takanaka.ro\/ro\/wp-json\/wp\/v2\/product\/6853\/revisions\/10067"}],"wp:featuredmedia":[{"embeddable":true,"href":"https:\/\/takanaka.ro\/ro\/wp-json\/wp\/v2\/media\/7202"}],"wp:attachment":[{"href":"https:\/\/takanaka.ro\/ro\/wp-json\/wp\/v2\/media?parent=6853"}],"wp:term":[{"taxonomy":"product_brand","embeddable":true,"href":"https:\/\/takanaka.ro\/ro\/wp-json\/wp\/v2\/product_brand?post=6853"},{"taxonomy":"product_cat","embeddable":true,"href":"https:\/\/takanaka.ro\/ro\/wp-json\/wp\/v2\/product_cat?post=6853"},{"taxonomy":"product_tag","embeddable":true,"href":"https:\/\/takanaka.ro\/ro\/wp-json\/wp\/v2\/product_tag?post=6853"}],"curies":[{"name":"wp","href":"https:\/\/api.w.org\/{rel}","templated":true}]}}