{"id":6821,"date":"2020-05-12T14:22:41","date_gmt":"2020-05-12T11:22:41","guid":{"rendered":"https:\/\/takanaka.britishschool.ro\/product\/carrot-cake\/"},"modified":"2022-12-06T10:18:39","modified_gmt":"2022-12-06T08:18:39","slug":"carrot-cake","status":"publish","type":"product","link":"https:\/\/takanaka.ro\/ro\/produs\/carrot-cake\/","title":{"rendered":"Tort cu morcovi"},"content":{"rendered":"","protected":false},"excerpt":{"rendered":"<p>Tort cu morcovi proasp\u0103t ra\u0219i, buc\u0103\u021bi de ciocolat\u0103 \u0219i crem\u0103 de br\u00e2nz\u0103.<\/p>","protected":false},"featured_media":7219,"comment_status":"closed","ping_status":"closed","template":"","meta":[],"product_brand":[],"product_cat":[57],"product_tag":[90,96,89],"class_list":{"0":"post-6821","1":"product","2":"type-product","3":"status-publish","4":"has-post-thumbnail","6":"product_cat-cakes","7":"product_tag-cake","8":"product_tag-carrot","9":"product_tag-vegetarian","10":"product_shipping_class-standard","11":"pa_allergens-contains-eggs","12":"pa_allergens-contains-gluten","13":"pa_allergens-milk-and-derivative-products-including-lactose","14":"pa_allergens-natural-ingredients","15":"pa_allergens-suitable-for-vegetarians","16":"pa_weight-1kg","18":"first","19":"outofstock","20":"shipping-taxable","21":"purchasable","22":"product-type-simple"},"_links":{"self":[{"href":"https:\/\/takanaka.ro\/ro\/wp-json\/wp\/v2\/product\/6821","targetHints":{"allow":["GET"]}}],"collection":[{"href":"https:\/\/takanaka.ro\/ro\/wp-json\/wp\/v2\/product"}],"about":[{"href":"https:\/\/takanaka.ro\/ro\/wp-json\/wp\/v2\/types\/product"}],"replies":[{"embeddable":true,"href":"https:\/\/takanaka.ro\/ro\/wp-json\/wp\/v2\/comments?post=6821"}],"version-history":[{"count":4,"href":"https:\/\/takanaka.ro\/ro\/wp-json\/wp\/v2\/product\/6821\/revisions"}],"predecessor-version":[{"id":10215,"href":"https:\/\/takanaka.ro\/ro\/wp-json\/wp\/v2\/product\/6821\/revisions\/10215"}],"wp:featuredmedia":[{"embeddable":true,"href":"https:\/\/takanaka.ro\/ro\/wp-json\/wp\/v2\/media\/7219"}],"wp:attachment":[{"href":"https:\/\/takanaka.ro\/ro\/wp-json\/wp\/v2\/media?parent=6821"}],"wp:term":[{"taxonomy":"product_brand","embeddable":true,"href":"https:\/\/takanaka.ro\/ro\/wp-json\/wp\/v2\/product_brand?post=6821"},{"taxonomy":"product_cat","embeddable":true,"href":"https:\/\/takanaka.ro\/ro\/wp-json\/wp\/v2\/product_cat?post=6821"},{"taxonomy":"product_tag","embeddable":true,"href":"https:\/\/takanaka.ro\/ro\/wp-json\/wp\/v2\/product_tag?post=6821"}],"curies":[{"name":"wp","href":"https:\/\/api.w.org\/{rel}","templated":true}]}}