{"id":6815,"date":"2020-05-12T14:22:38","date_gmt":"2020-05-12T11:22:38","guid":{"rendered":"https:\/\/takanaka.britishschool.ro\/product\/trio-chocolate\/"},"modified":"2022-12-06T10:19:42","modified_gmt":"2022-12-06T08:19:42","slug":"trio-chocolate","status":"publish","type":"product","link":"https:\/\/takanaka.ro\/ro\/produs\/trio-chocolate\/","title":{"rendered":"Trio Chocolate"},"content":{"rendered":"","protected":false},"excerpt":{"rendered":"<p>Aromat\u0103 \u0219i cu un gust intens de ciocolat\u0103, pr\u0103jitura Trio Chocolate Mousse este un vis al iubitorilor de ciocolat\u0103 devenit realitate.<\/p>","protected":false},"featured_media":7628,"comment_status":"open","ping_status":"closed","template":"","meta":[],"product_brand":[],"product_cat":[56],"product_tag":[97,101,89],"class_list":{"0":"post-6815","1":"product","2":"type-product","3":"status-publish","4":"has-post-thumbnail","6":"product_cat-desserts","7":"product_tag-chocolate","8":"product_tag-dessert","9":"product_tag-vegetarian","10":"product_shipping_class-standard","11":"pa_allergens-contains-eggs","12":"pa_allergens-contains-gluten","13":"pa_allergens-milk-and-derivative-products-including-lactose","14":"pa_allergens-natural-ingredients","15":"pa_allergens-suitable-for-vegetarians","16":"pa_weight-1piece100gr","18":"first","19":"outofstock","20":"shipping-taxable","21":"purchasable","22":"product-type-simple"},"_links":{"self":[{"href":"https:\/\/takanaka.ro\/ro\/wp-json\/wp\/v2\/product\/6815","targetHints":{"allow":["GET"]}}],"collection":[{"href":"https:\/\/takanaka.ro\/ro\/wp-json\/wp\/v2\/product"}],"about":[{"href":"https:\/\/takanaka.ro\/ro\/wp-json\/wp\/v2\/types\/product"}],"replies":[{"embeddable":true,"href":"https:\/\/takanaka.ro\/ro\/wp-json\/wp\/v2\/comments?post=6815"}],"version-history":[{"count":3,"href":"https:\/\/takanaka.ro\/ro\/wp-json\/wp\/v2\/product\/6815\/revisions"}],"predecessor-version":[{"id":10211,"href":"https:\/\/takanaka.ro\/ro\/wp-json\/wp\/v2\/product\/6815\/revisions\/10211"}],"wp:featuredmedia":[{"embeddable":true,"href":"https:\/\/takanaka.ro\/ro\/wp-json\/wp\/v2\/media\/7628"}],"wp:attachment":[{"href":"https:\/\/takanaka.ro\/ro\/wp-json\/wp\/v2\/media?parent=6815"}],"wp:term":[{"taxonomy":"product_brand","embeddable":true,"href":"https:\/\/takanaka.ro\/ro\/wp-json\/wp\/v2\/product_brand?post=6815"},{"taxonomy":"product_cat","embeddable":true,"href":"https:\/\/takanaka.ro\/ro\/wp-json\/wp\/v2\/product_cat?post=6815"},{"taxonomy":"product_tag","embeddable":true,"href":"https:\/\/takanaka.ro\/ro\/wp-json\/wp\/v2\/product_tag?post=6815"}],"curies":[{"name":"wp","href":"https:\/\/api.w.org\/{rel}","templated":true}]}}