{"id":6813,"date":"2020-05-12T14:22:37","date_gmt":"2020-05-12T11:22:37","guid":{"rendered":"https:\/\/takanaka.britishschool.ro\/product\/eclair\/"},"modified":"2022-12-06T10:19:50","modified_gmt":"2022-12-06T08:19:50","slug":"eclair","status":"publish","type":"product","link":"https:\/\/takanaka.ro\/ro\/produs\/eclair\/","title":{"rendered":"Ecler"},"content":{"rendered":"","protected":false},"excerpt":{"rendered":"<p>Un ecler \u00eenvelit \u00een ciocolat\u0103 cu crem\u0103 u\u0219oar\u0103 de vanilie.<\/p>","protected":false},"featured_media":7240,"comment_status":"open","ping_status":"closed","template":"","meta":[],"product_brand":[],"product_cat":[56],"product_tag":[101,103,89],"class_list":{"0":"post-6813","1":"product","2":"type-product","3":"status-publish","4":"has-post-thumbnail","6":"product_cat-desserts","7":"product_tag-dessert","8":"product_tag-vanilla","9":"product_tag-vegetarian","10":"product_shipping_class-standard","11":"pa_allergens-contains-eggs","12":"pa_allergens-contains-gluten","13":"pa_allergens-milk-and-derivative-products-including-lactose","14":"pa_allergens-natural-ingredients","15":"pa_allergens-suitable-for-vegetarians","16":"pa_weight-1piece100gr","18":"first","19":"outofstock","20":"shipping-taxable","21":"purchasable","22":"product-type-simple"},"_links":{"self":[{"href":"https:\/\/takanaka.ro\/ro\/wp-json\/wp\/v2\/product\/6813","targetHints":{"allow":["GET"]}}],"collection":[{"href":"https:\/\/takanaka.ro\/ro\/wp-json\/wp\/v2\/product"}],"about":[{"href":"https:\/\/takanaka.ro\/ro\/wp-json\/wp\/v2\/types\/product"}],"replies":[{"embeddable":true,"href":"https:\/\/takanaka.ro\/ro\/wp-json\/wp\/v2\/comments?post=6813"}],"version-history":[{"count":2,"href":"https:\/\/takanaka.ro\/ro\/wp-json\/wp\/v2\/product\/6813\/revisions"}],"predecessor-version":[{"id":9888,"href":"https:\/\/takanaka.ro\/ro\/wp-json\/wp\/v2\/product\/6813\/revisions\/9888"}],"wp:featuredmedia":[{"embeddable":true,"href":"https:\/\/takanaka.ro\/ro\/wp-json\/wp\/v2\/media\/7240"}],"wp:attachment":[{"href":"https:\/\/takanaka.ro\/ro\/wp-json\/wp\/v2\/media?parent=6813"}],"wp:term":[{"taxonomy":"product_brand","embeddable":true,"href":"https:\/\/takanaka.ro\/ro\/wp-json\/wp\/v2\/product_brand?post=6813"},{"taxonomy":"product_cat","embeddable":true,"href":"https:\/\/takanaka.ro\/ro\/wp-json\/wp\/v2\/product_cat?post=6813"},{"taxonomy":"product_tag","embeddable":true,"href":"https:\/\/takanaka.ro\/ro\/wp-json\/wp\/v2\/product_tag?post=6813"}],"curies":[{"name":"wp","href":"https:\/\/api.w.org\/{rel}","templated":true}]}}