{"id":6800,"date":"2020-05-12T13:55:55","date_gmt":"2020-05-12T10:55:55","guid":{"rendered":"https:\/\/takanaka.britishschool.ro\/product\/penne-with-a-4-cheese-sauce\/"},"modified":"2022-12-06T10:20:28","modified_gmt":"2022-12-06T08:20:28","slug":"penne-with-a-4-cheese-sauce","status":"publish","type":"product","link":"https:\/\/takanaka.ro\/ro\/produs\/penne-with-a-4-cheese-sauce\/","title":{"rendered":"Penne cu 4 tipuri de br\u00e2nz\u0103"},"content":{"rendered":"","protected":false},"excerpt":{"rendered":"<p>O re\u021bet\u0103 tradi\u021bional\u0103 preparat\u0103 proasp\u0103t cu penne \u0219i patru tipuri diferite de br\u00e2nzeturi.<\/p>","protected":false},"featured_media":7277,"comment_status":"open","ping_status":"closed","template":"","meta":[],"product_brand":[],"product_cat":[58],"product_tag":[115,108,113,89],"class_list":{"0":"post-6800","1":"product","2":"type-product","3":"status-publish","4":"has-post-thumbnail","6":"product_cat-pasta","7":"product_tag-cheese","8":"product_tag-pasta","9":"product_tag-penne","10":"product_tag-vegetarian","11":"product_shipping_class-standard","12":"pa_allergens-contains-gluten","13":"pa_allergens-milk-and-derivative-products-including-lactose","14":"pa_allergens-gluten-free","15":"pa_allergens-natural-ingredients","16":"pa_allergens-suitable-for-vegetarians","17":"pa_dietry-option-with-gluten","18":"pa_dietry-option-gluten-free","19":"pa_weight-350gr","21":"first","22":"outofstock","23":"shipping-taxable","24":"purchasable","25":"product-type-variable"},"_links":{"self":[{"href":"https:\/\/takanaka.ro\/ro\/wp-json\/wp\/v2\/product\/6800","targetHints":{"allow":["GET"]}}],"collection":[{"href":"https:\/\/takanaka.ro\/ro\/wp-json\/wp\/v2\/product"}],"about":[{"href":"https:\/\/takanaka.ro\/ro\/wp-json\/wp\/v2\/types\/product"}],"replies":[{"embeddable":true,"href":"https:\/\/takanaka.ro\/ro\/wp-json\/wp\/v2\/comments?post=6800"}],"version-history":[{"count":6,"href":"https:\/\/takanaka.ro\/ro\/wp-json\/wp\/v2\/product\/6800\/revisions"}],"predecessor-version":[{"id":10200,"href":"https:\/\/takanaka.ro\/ro\/wp-json\/wp\/v2\/product\/6800\/revisions\/10200"}],"wp:featuredmedia":[{"embeddable":true,"href":"https:\/\/takanaka.ro\/ro\/wp-json\/wp\/v2\/media\/7277"}],"wp:attachment":[{"href":"https:\/\/takanaka.ro\/ro\/wp-json\/wp\/v2\/media?parent=6800"}],"wp:term":[{"taxonomy":"product_brand","embeddable":true,"href":"https:\/\/takanaka.ro\/ro\/wp-json\/wp\/v2\/product_brand?post=6800"},{"taxonomy":"product_cat","embeddable":true,"href":"https:\/\/takanaka.ro\/ro\/wp-json\/wp\/v2\/product_cat?post=6800"},{"taxonomy":"product_tag","embeddable":true,"href":"https:\/\/takanaka.ro\/ro\/wp-json\/wp\/v2\/product_tag?post=6800"}],"curies":[{"name":"wp","href":"https:\/\/api.w.org\/{rel}","templated":true}]}}