{"id":6783,"date":"2020-05-12T11:23:57","date_gmt":"2020-05-12T08:23:57","guid":{"rendered":"https:\/\/takanaka.britishschool.ro\/product\/pizza-with-tuna-and-onion-rings\/"},"modified":"2022-12-06T10:20:59","modified_gmt":"2022-12-06T08:20:59","slug":"pizza-with-tuna-and-onion-rings","status":"publish","type":"product","link":"https:\/\/takanaka.ro\/ro\/produs\/pizza-with-tuna-and-onion-rings\/","title":{"rendered":"Pizza cu ton \u0219i rondele de ceap\u0103"},"content":{"rendered":"","protected":false},"excerpt":{"rendered":"<p>Pizza cu ton, inele de ceap\u0103 t\u0103iate proasp\u0103t \u0219i sos marinara pentru o sear\u0103 \u00een fa\u021ba televizorului.<\/p>","protected":false},"featured_media":0,"comment_status":"open","ping_status":"closed","template":"","meta":[],"product_brand":[],"product_cat":[55],"product_tag":[119,117,118],"class_list":{"0":"post-6783","1":"product","2":"type-product","3":"status-publish","5":"product_cat-pizzas","6":"product_tag-onion-rings","7":"product_tag-pizza","8":"product_tag-tuna","9":"product_shipping_class-standard","10":"pa_allergens-contains-fish","11":"pa_allergens-contains-gluten","12":"pa_allergens-milk-and-derivative-products-including-lactose","13":"pa_allergens-egg-free","14":"pa_allergens-natural-ingredients","15":"pa_weight-1-piece-32cm","17":"first","18":"outofstock","19":"shipping-taxable","20":"purchasable","21":"product-type-simple"},"_links":{"self":[{"href":"https:\/\/takanaka.ro\/ro\/wp-json\/wp\/v2\/product\/6783","targetHints":{"allow":["GET"]}}],"collection":[{"href":"https:\/\/takanaka.ro\/ro\/wp-json\/wp\/v2\/product"}],"about":[{"href":"https:\/\/takanaka.ro\/ro\/wp-json\/wp\/v2\/types\/product"}],"replies":[{"embeddable":true,"href":"https:\/\/takanaka.ro\/ro\/wp-json\/wp\/v2\/comments?post=6783"}],"version-history":[{"count":3,"href":"https:\/\/takanaka.ro\/ro\/wp-json\/wp\/v2\/product\/6783\/revisions"}],"predecessor-version":[{"id":9884,"href":"https:\/\/takanaka.ro\/ro\/wp-json\/wp\/v2\/product\/6783\/revisions\/9884"}],"wp:attachment":[{"href":"https:\/\/takanaka.ro\/ro\/wp-json\/wp\/v2\/media?parent=6783"}],"wp:term":[{"taxonomy":"product_brand","embeddable":true,"href":"https:\/\/takanaka.ro\/ro\/wp-json\/wp\/v2\/product_brand?post=6783"},{"taxonomy":"product_cat","embeddable":true,"href":"https:\/\/takanaka.ro\/ro\/wp-json\/wp\/v2\/product_cat?post=6783"},{"taxonomy":"product_tag","embeddable":true,"href":"https:\/\/takanaka.ro\/ro\/wp-json\/wp\/v2\/product_tag?post=6783"}],"curies":[{"name":"wp","href":"https:\/\/api.w.org\/{rel}","templated":true}]}}