{"id":6782,"date":"2020-05-12T11:23:57","date_gmt":"2020-05-12T08:23:57","guid":{"rendered":"https:\/\/takanaka.britishschool.ro\/product\/pizza-quattro-formaggi-4-cheese\/"},"modified":"2022-12-06T10:20:52","modified_gmt":"2022-12-06T08:20:52","slug":"pizza-quattro-formaggi-4-cheese","status":"publish","type":"product","link":"https:\/\/takanaka.ro\/ro\/produs\/pizza-quattro-formaggi-4-cheese\/","title":{"rendered":"Pizza Quattro Formaggi"},"content":{"rendered":"","protected":false},"excerpt":{"rendered":"<p>Patru feluri de br\u00e2nz\u0103, cu o arom\u0103 unic\u0103 pentru iubitorii de br\u00e2nz\u0103 din \u00eentreaga lume.<\/p>","protected":false},"featured_media":0,"comment_status":"open","ping_status":"closed","template":"","meta":[],"product_brand":[],"product_cat":[55],"product_tag":[117],"class_list":{"0":"post-6782","1":"product","2":"type-product","3":"status-publish","5":"product_cat-pizzas","6":"product_tag-pizza","7":"product_shipping_class-standard","8":"pa_allergens-contains-gluten","9":"pa_allergens-milk-and-derivative-products-including-lactose","10":"pa_allergens-egg-free","11":"pa_allergens-natural-ingredients","12":"pa_allergens-suitable-for-vegetarians","13":"pa_weight-1-piece-32cm","15":"first","16":"outofstock","17":"shipping-taxable","18":"purchasable","19":"product-type-simple"},"_links":{"self":[{"href":"https:\/\/takanaka.ro\/ro\/wp-json\/wp\/v2\/product\/6782","targetHints":{"allow":["GET"]}}],"collection":[{"href":"https:\/\/takanaka.ro\/ro\/wp-json\/wp\/v2\/product"}],"about":[{"href":"https:\/\/takanaka.ro\/ro\/wp-json\/wp\/v2\/types\/product"}],"replies":[{"embeddable":true,"href":"https:\/\/takanaka.ro\/ro\/wp-json\/wp\/v2\/comments?post=6782"}],"version-history":[{"count":3,"href":"https:\/\/takanaka.ro\/ro\/wp-json\/wp\/v2\/product\/6782\/revisions"}],"predecessor-version":[{"id":9880,"href":"https:\/\/takanaka.ro\/ro\/wp-json\/wp\/v2\/product\/6782\/revisions\/9880"}],"wp:attachment":[{"href":"https:\/\/takanaka.ro\/ro\/wp-json\/wp\/v2\/media?parent=6782"}],"wp:term":[{"taxonomy":"product_brand","embeddable":true,"href":"https:\/\/takanaka.ro\/ro\/wp-json\/wp\/v2\/product_brand?post=6782"},{"taxonomy":"product_cat","embeddable":true,"href":"https:\/\/takanaka.ro\/ro\/wp-json\/wp\/v2\/product_cat?post=6782"},{"taxonomy":"product_tag","embeddable":true,"href":"https:\/\/takanaka.ro\/ro\/wp-json\/wp\/v2\/product_tag?post=6782"}],"curies":[{"name":"wp","href":"https:\/\/api.w.org\/{rel}","templated":true}]}}