{"id":6780,"date":"2020-05-12T11:23:56","date_gmt":"2020-05-12T08:23:56","guid":{"rendered":"https:\/\/takanaka.britishschool.ro\/product\/vegetarian-pizza\/"},"modified":"2022-12-06T10:21:13","modified_gmt":"2022-12-06T08:21:13","slug":"vegetarian-pizza","status":"publish","type":"product","link":"https:\/\/takanaka.ro\/ro\/produs\/vegetarian-pizza\/","title":{"rendered":"Pizza vegetarian\u0103"},"content":{"rendered":"","protected":false},"excerpt":{"rendered":"<p>Aceast\u0103 re\u021bet\u0103 vegetarian\u0103 de pizza va \u00eenc\u00e2nta deopotriv\u0103 vegetarienii din \u00eentreaga lume.<\/p>","protected":false},"featured_media":0,"comment_status":"open","ping_status":"closed","template":"","meta":[],"product_brand":[],"product_cat":[55,208],"product_tag":[117,89],"class_list":{"0":"post-6780","1":"product","2":"type-product","3":"status-publish","5":"product_cat-pizzas","6":"product_cat-pizzas-italian-menu","7":"product_tag-pizza","8":"product_tag-vegetarian","9":"product_shipping_class-standard","10":"pa_allergens-contains-gluten","11":"pa_allergens-milk-and-derivative-products-including-lactose","12":"pa_allergens-egg-free","13":"pa_allergens-natural-ingredients","14":"pa_allergens-suitable-for-vegetarians","15":"pa_weight-1-piece-32cm","17":"first","18":"outofstock","19":"shipping-taxable","20":"purchasable","21":"product-type-simple"},"_links":{"self":[{"href":"https:\/\/takanaka.ro\/ro\/wp-json\/wp\/v2\/product\/6780","targetHints":{"allow":["GET"]}}],"collection":[{"href":"https:\/\/takanaka.ro\/ro\/wp-json\/wp\/v2\/product"}],"about":[{"href":"https:\/\/takanaka.ro\/ro\/wp-json\/wp\/v2\/types\/product"}],"replies":[{"embeddable":true,"href":"https:\/\/takanaka.ro\/ro\/wp-json\/wp\/v2\/comments?post=6780"}],"version-history":[{"count":2,"href":"https:\/\/takanaka.ro\/ro\/wp-json\/wp\/v2\/product\/6780\/revisions"}],"predecessor-version":[{"id":10189,"href":"https:\/\/takanaka.ro\/ro\/wp-json\/wp\/v2\/product\/6780\/revisions\/10189"}],"wp:attachment":[{"href":"https:\/\/takanaka.ro\/ro\/wp-json\/wp\/v2\/media?parent=6780"}],"wp:term":[{"taxonomy":"product_brand","embeddable":true,"href":"https:\/\/takanaka.ro\/ro\/wp-json\/wp\/v2\/product_brand?post=6780"},{"taxonomy":"product_cat","embeddable":true,"href":"https:\/\/takanaka.ro\/ro\/wp-json\/wp\/v2\/product_cat?post=6780"},{"taxonomy":"product_tag","embeddable":true,"href":"https:\/\/takanaka.ro\/ro\/wp-json\/wp\/v2\/product_tag?post=6780"}],"curies":[{"name":"wp","href":"https:\/\/api.w.org\/{rel}","templated":true}]}}