{"id":6768,"date":"2020-05-12T10:44:08","date_gmt":"2020-05-12T07:44:08","guid":{"rendered":"https:\/\/takanaka.britishschool.ro\/product\/broccoli-sauted\/"},"modified":"2022-12-06T10:21:20","modified_gmt":"2022-12-06T08:21:20","slug":"broccoli-sauted","status":"publish","type":"product","link":"https:\/\/takanaka.ro\/ro\/produs\/broccoli-sauted\/","title":{"rendered":"Broccoli sote"},"content":{"rendered":"","protected":false},"excerpt":{"rendered":"<p>O garnitur\u0103 u\u0219oar\u0103 \u0219i s\u0103n\u0103toas\u0103, care poate d\u0103 un \"plus\" delicios oric\u0103rei mese.<\/p>","protected":false},"featured_media":7297,"comment_status":"open","ping_status":"closed","template":"","meta":[],"product_brand":[],"product_cat":[54],"product_tag":[125,89],"class_list":{"0":"post-6768","1":"product","2":"type-product","3":"status-publish","4":"has-post-thumbnail","6":"product_cat-side-orders","7":"product_tag-broccoli","8":"product_tag-vegetarian","9":"product_shipping_class-standard","10":"pa_allergens-milk-and-derivative-products-including-lactose","11":"pa_allergens-egg-free","12":"pa_allergens-gluten-free","13":"pa_allergens-natural-ingredients","14":"pa_allergens-suitable-for-vegetarians","15":"pa_weight-250gr","17":"first","18":"outofstock","19":"shipping-taxable","20":"purchasable","21":"product-type-simple"},"_links":{"self":[{"href":"https:\/\/takanaka.ro\/ro\/wp-json\/wp\/v2\/product\/6768","targetHints":{"allow":["GET"]}}],"collection":[{"href":"https:\/\/takanaka.ro\/ro\/wp-json\/wp\/v2\/product"}],"about":[{"href":"https:\/\/takanaka.ro\/ro\/wp-json\/wp\/v2\/types\/product"}],"replies":[{"embeddable":true,"href":"https:\/\/takanaka.ro\/ro\/wp-json\/wp\/v2\/comments?post=6768"}],"version-history":[{"count":4,"href":"https:\/\/takanaka.ro\/ro\/wp-json\/wp\/v2\/product\/6768\/revisions"}],"predecessor-version":[{"id":10187,"href":"https:\/\/takanaka.ro\/ro\/wp-json\/wp\/v2\/product\/6768\/revisions\/10187"}],"wp:featuredmedia":[{"embeddable":true,"href":"https:\/\/takanaka.ro\/ro\/wp-json\/wp\/v2\/media\/7297"}],"wp:attachment":[{"href":"https:\/\/takanaka.ro\/ro\/wp-json\/wp\/v2\/media?parent=6768"}],"wp:term":[{"taxonomy":"product_brand","embeddable":true,"href":"https:\/\/takanaka.ro\/ro\/wp-json\/wp\/v2\/product_brand?post=6768"},{"taxonomy":"product_cat","embeddable":true,"href":"https:\/\/takanaka.ro\/ro\/wp-json\/wp\/v2\/product_cat?post=6768"},{"taxonomy":"product_tag","embeddable":true,"href":"https:\/\/takanaka.ro\/ro\/wp-json\/wp\/v2\/product_tag?post=6768"}],"curies":[{"name":"wp","href":"https:\/\/api.w.org\/{rel}","templated":true}]}}