{"id":6745,"date":"2020-05-12T09:35:57","date_gmt":"2020-05-12T06:35:57","guid":{"rendered":"https:\/\/takanaka.britishschool.ro\/product\/import-placeholder-for-6729\/"},"modified":"2022-12-06T10:22:05","modified_gmt":"2022-12-06T08:22:05","slug":"meze-plater","status":"publish","type":"product","link":"https:\/\/takanaka.ro\/ro\/produs\/meze-plater\/","title":{"rendered":"Platou meze"},"content":{"rendered":"","protected":false},"excerpt":{"rendered":"<p>O platou minunat care con\u021bine humus de cas\u0103, past\u0103 de avocado, salat\u0103 de vinete \u0219i ardei cop\u021bi.<\/p>","protected":false},"featured_media":7304,"comment_status":"open","ping_status":"closed","template":"","meta":[],"product_brand":[],"product_cat":[53],"product_tag":[128,151,89],"class_list":{"0":"post-6745","1":"product","2":"type-product","3":"status-publish","4":"has-post-thumbnail","6":"product_cat-salads","7":"product_tag-salad","8":"product_tag-vegan","9":"product_tag-vegetarian","10":"product_shipping_class-standard","11":"pa_allergens-contains-eggs","12":"pa_allergens-contains-gluten","13":"pa_allergens-sesame-seeds-and-derivative-products","14":"pa_allergens-lactose-free","15":"pa_allergens-natural-ingredients","16":"pa_allergens-suitable-for-vegetarians","17":"pa_weight-0-500gr-125-125-125-125","19":"first","20":"outofstock","21":"shipping-taxable","22":"purchasable","23":"product-type-simple"},"_links":{"self":[{"href":"https:\/\/takanaka.ro\/ro\/wp-json\/wp\/v2\/product\/6745","targetHints":{"allow":["GET"]}}],"collection":[{"href":"https:\/\/takanaka.ro\/ro\/wp-json\/wp\/v2\/product"}],"about":[{"href":"https:\/\/takanaka.ro\/ro\/wp-json\/wp\/v2\/types\/product"}],"replies":[{"embeddable":true,"href":"https:\/\/takanaka.ro\/ro\/wp-json\/wp\/v2\/comments?post=6745"}],"version-history":[{"count":2,"href":"https:\/\/takanaka.ro\/ro\/wp-json\/wp\/v2\/product\/6745\/revisions"}],"predecessor-version":[{"id":10182,"href":"https:\/\/takanaka.ro\/ro\/wp-json\/wp\/v2\/product\/6745\/revisions\/10182"}],"wp:featuredmedia":[{"embeddable":true,"href":"https:\/\/takanaka.ro\/ro\/wp-json\/wp\/v2\/media\/7304"}],"wp:attachment":[{"href":"https:\/\/takanaka.ro\/ro\/wp-json\/wp\/v2\/media?parent=6745"}],"wp:term":[{"taxonomy":"product_brand","embeddable":true,"href":"https:\/\/takanaka.ro\/ro\/wp-json\/wp\/v2\/product_brand?post=6745"},{"taxonomy":"product_cat","embeddable":true,"href":"https:\/\/takanaka.ro\/ro\/wp-json\/wp\/v2\/product_cat?post=6745"},{"taxonomy":"product_tag","embeddable":true,"href":"https:\/\/takanaka.ro\/ro\/wp-json\/wp\/v2\/product_tag?post=6745"}],"curies":[{"name":"wp","href":"https:\/\/api.w.org\/{rel}","templated":true}]}}