{"id":6744,"date":"2020-05-12T09:35:57","date_gmt":"2020-05-12T06:35:57","guid":{"rendered":"https:\/\/takanaka.britishschool.ro\/product\/import-placeholder-for-6728\/"},"modified":"2022-12-06T10:21:59","modified_gmt":"2022-12-06T08:21:59","slug":"eggplant-salad","status":"publish","type":"product","link":"https:\/\/takanaka.ro\/ro\/produs\/eggplant-salad\/","title":{"rendered":"Salat\u0103 de vinete"},"content":{"rendered":"","protected":false},"excerpt":{"rendered":"<p>Vinete coapte \u00een cas\u0103 \u0219i asezonate cu ceap\u0103 verde tocat\u0103 m\u0103runt.<\/p>","protected":false},"featured_media":7305,"comment_status":"open","ping_status":"closed","template":"","meta":[],"product_brand":[],"product_cat":[53],"product_tag":[128,151,89],"class_list":{"0":"post-6744","1":"product","2":"type-product","3":"status-publish","4":"has-post-thumbnail","6":"product_cat-salads","7":"product_tag-salad","8":"product_tag-vegan","9":"product_tag-vegetarian","10":"product_shipping_class-standard","11":"pa_allergens-egg-free","12":"pa_allergens-gluten-free","13":"pa_allergens-lactose-free","14":"pa_allergens-natural-ingredients","15":"pa_allergens-suitable-for-vegans","16":"pa_allergens-suitable-for-vegetarians","17":"pa_weight-250gr","19":"first","20":"outofstock","21":"shipping-taxable","22":"purchasable","23":"product-type-simple"},"_links":{"self":[{"href":"https:\/\/takanaka.ro\/ro\/wp-json\/wp\/v2\/product\/6744","targetHints":{"allow":["GET"]}}],"collection":[{"href":"https:\/\/takanaka.ro\/ro\/wp-json\/wp\/v2\/product"}],"about":[{"href":"https:\/\/takanaka.ro\/ro\/wp-json\/wp\/v2\/types\/product"}],"replies":[{"embeddable":true,"href":"https:\/\/takanaka.ro\/ro\/wp-json\/wp\/v2\/comments?post=6744"}],"version-history":[{"count":3,"href":"https:\/\/takanaka.ro\/ro\/wp-json\/wp\/v2\/product\/6744\/revisions"}],"predecessor-version":[{"id":10226,"href":"https:\/\/takanaka.ro\/ro\/wp-json\/wp\/v2\/product\/6744\/revisions\/10226"}],"wp:featuredmedia":[{"embeddable":true,"href":"https:\/\/takanaka.ro\/ro\/wp-json\/wp\/v2\/media\/7305"}],"wp:attachment":[{"href":"https:\/\/takanaka.ro\/ro\/wp-json\/wp\/v2\/media?parent=6744"}],"wp:term":[{"taxonomy":"product_brand","embeddable":true,"href":"https:\/\/takanaka.ro\/ro\/wp-json\/wp\/v2\/product_brand?post=6744"},{"taxonomy":"product_cat","embeddable":true,"href":"https:\/\/takanaka.ro\/ro\/wp-json\/wp\/v2\/product_cat?post=6744"},{"taxonomy":"product_tag","embeddable":true,"href":"https:\/\/takanaka.ro\/ro\/wp-json\/wp\/v2\/product_tag?post=6744"}],"curies":[{"name":"wp","href":"https:\/\/api.w.org\/{rel}","templated":true}]}}