{"id":6742,"date":"2020-05-12T09:35:56","date_gmt":"2020-05-12T06:35:56","guid":{"rendered":"https:\/\/takanaka.britishschool.ro\/product\/import-placeholder-for-6726\/"},"modified":"2022-12-06T10:22:25","modified_gmt":"2022-12-06T08:22:25","slug":"hummus-with-fresh-vegetables","status":"publish","type":"product","link":"https:\/\/takanaka.ro\/ro\/produs\/hummus-with-fresh-vegetables\/","title":{"rendered":"Humus cu batonete de legume proaspete"},"content":{"rendered":"","protected":false},"excerpt":{"rendered":"<p>Una dintre gust\u0103rile noastre s\u0103n\u0103toase preferate \u00een orice anotimp! Un hummus cremos servit cu batonete de legume proaspete!<\/p>","protected":false},"featured_media":7309,"comment_status":"open","ping_status":"closed","template":"","meta":[],"product_brand":[],"product_cat":[53],"product_tag":[131,151,89],"class_list":{"0":"post-6742","1":"product","2":"type-product","3":"status-publish","4":"has-post-thumbnail","6":"product_cat-salads","7":"product_tag-hummus","8":"product_tag-vegan","9":"product_tag-vegetarian","10":"product_shipping_class-standard","11":"pa_allergens-contains-soya-beans-and-derivative-products","12":"pa_allergens-egg-free","13":"pa_allergens-gluten-free","14":"pa_allergens-lactose-free","15":"pa_allergens-natural-ingredients","16":"pa_allergens-suitable-for-vegans","17":"pa_allergens-suitable-for-vegetarians","18":"pa_weight-250gr","20":"first","21":"outofstock","22":"shipping-taxable","23":"purchasable","24":"product-type-simple"},"_links":{"self":[{"href":"https:\/\/takanaka.ro\/ro\/wp-json\/wp\/v2\/product\/6742","targetHints":{"allow":["GET"]}}],"collection":[{"href":"https:\/\/takanaka.ro\/ro\/wp-json\/wp\/v2\/product"}],"about":[{"href":"https:\/\/takanaka.ro\/ro\/wp-json\/wp\/v2\/types\/product"}],"replies":[{"embeddable":true,"href":"https:\/\/takanaka.ro\/ro\/wp-json\/wp\/v2\/comments?post=6742"}],"version-history":[{"count":3,"href":"https:\/\/takanaka.ro\/ro\/wp-json\/wp\/v2\/product\/6742\/revisions"}],"predecessor-version":[{"id":9876,"href":"https:\/\/takanaka.ro\/ro\/wp-json\/wp\/v2\/product\/6742\/revisions\/9876"}],"wp:featuredmedia":[{"embeddable":true,"href":"https:\/\/takanaka.ro\/ro\/wp-json\/wp\/v2\/media\/7309"}],"wp:attachment":[{"href":"https:\/\/takanaka.ro\/ro\/wp-json\/wp\/v2\/media?parent=6742"}],"wp:term":[{"taxonomy":"product_brand","embeddable":true,"href":"https:\/\/takanaka.ro\/ro\/wp-json\/wp\/v2\/product_brand?post=6742"},{"taxonomy":"product_cat","embeddable":true,"href":"https:\/\/takanaka.ro\/ro\/wp-json\/wp\/v2\/product_cat?post=6742"},{"taxonomy":"product_tag","embeddable":true,"href":"https:\/\/takanaka.ro\/ro\/wp-json\/wp\/v2\/product_tag?post=6742"}],"curies":[{"name":"wp","href":"https:\/\/api.w.org\/{rel}","templated":true}]}}