{"id":6740,"date":"2020-05-12T09:35:56","date_gmt":"2020-05-12T06:35:56","guid":{"rendered":"https:\/\/takanaka.britishschool.ro\/product\/import-placeholder-for-6724\/"},"modified":"2022-12-06T10:22:12","modified_gmt":"2022-12-06T08:22:12","slug":"greek-salad","status":"publish","type":"product","link":"https:\/\/takanaka.ro\/ro\/produs\/greek-salad\/","title":{"rendered":"Salat\u0103 greceasc\u0103"},"content":{"rendered":"","protected":false},"excerpt":{"rendered":"<p>O salat\u0103 cu ro\u0219ii coapte, castrave\u021bi, ardei gra\u0219i, ceap\u0103, m\u0103sline \u0219i feta cremoas\u0103.<\/p>","protected":false},"featured_media":7311,"comment_status":"open","ping_status":"closed","template":"","meta":[],"product_brand":[],"product_cat":[53],"product_tag":[115,123,89],"class_list":{"0":"post-6740","1":"product","2":"type-product","3":"status-publish","4":"has-post-thumbnail","6":"product_cat-salads","7":"product_tag-cheese","8":"product_tag-vegetables","9":"product_tag-vegetarian","10":"product_shipping_class-standard","11":"pa_allergens-milk-and-derivative-products-including-lactose","12":"pa_allergens-egg-free","13":"pa_allergens-gluten-free","14":"pa_allergens-natural-ingredients","15":"pa_allergens-suitable-for-vegetarians","16":"pa_weight-250gr","18":"first","19":"outofstock","20":"shipping-taxable","21":"purchasable","22":"product-type-simple"},"_links":{"self":[{"href":"https:\/\/takanaka.ro\/ro\/wp-json\/wp\/v2\/product\/6740","targetHints":{"allow":["GET"]}}],"collection":[{"href":"https:\/\/takanaka.ro\/ro\/wp-json\/wp\/v2\/product"}],"about":[{"href":"https:\/\/takanaka.ro\/ro\/wp-json\/wp\/v2\/types\/product"}],"replies":[{"embeddable":true,"href":"https:\/\/takanaka.ro\/ro\/wp-json\/wp\/v2\/comments?post=6740"}],"version-history":[{"count":3,"href":"https:\/\/takanaka.ro\/ro\/wp-json\/wp\/v2\/product\/6740\/revisions"}],"predecessor-version":[{"id":9875,"href":"https:\/\/takanaka.ro\/ro\/wp-json\/wp\/v2\/product\/6740\/revisions\/9875"}],"wp:featuredmedia":[{"embeddable":true,"href":"https:\/\/takanaka.ro\/ro\/wp-json\/wp\/v2\/media\/7311"}],"wp:attachment":[{"href":"https:\/\/takanaka.ro\/ro\/wp-json\/wp\/v2\/media?parent=6740"}],"wp:term":[{"taxonomy":"product_brand","embeddable":true,"href":"https:\/\/takanaka.ro\/ro\/wp-json\/wp\/v2\/product_brand?post=6740"},{"taxonomy":"product_cat","embeddable":true,"href":"https:\/\/takanaka.ro\/ro\/wp-json\/wp\/v2\/product_cat?post=6740"},{"taxonomy":"product_tag","embeddable":true,"href":"https:\/\/takanaka.ro\/ro\/wp-json\/wp\/v2\/product_tag?post=6740"}],"curies":[{"name":"wp","href":"https:\/\/api.w.org\/{rel}","templated":true}]}}