{"id":6738,"date":"2020-05-12T09:35:55","date_gmt":"2020-05-12T06:35:55","guid":{"rendered":"https:\/\/takanaka.britishschool.ro\/product\/import-placeholder-for-6722\/"},"modified":"2022-12-06T10:22:30","modified_gmt":"2022-12-06T08:22:30","slug":"rocket-salad-with-chicken","status":"publish","type":"product","link":"https:\/\/takanaka.ro\/ro\/produs\/rocket-salad-with-chicken\/","title":{"rendered":"Salat\u0103 de rucola cu pui"},"content":{"rendered":"","protected":false},"excerpt":{"rendered":"<p>Aceast\u0103 salat\u0103 cu pui la gr\u0103tar este plin\u0103 de o arom\u0103 unic\u0103, proasp\u0103t\u0103, dat\u0103 de portocale \u0219i gustul inconfundabil al rodiilor!<\/p>","protected":false},"featured_media":7316,"comment_status":"open","ping_status":"closed","template":"","meta":[],"product_brand":[],"product_cat":[53],"product_tag":[120,133,128],"class_list":{"0":"post-6738","1":"product","2":"type-product","3":"status-publish","4":"has-post-thumbnail","6":"product_cat-salads","7":"product_tag-chicken","8":"product_tag-rocket","9":"product_tag-salad","10":"product_shipping_class-standard","11":"pa_allergens-egg-free","12":"pa_allergens-gluten-free","13":"pa_allergens-lactose-free","14":"pa_allergens-natural-ingredients","15":"pa_weight-250gr","17":"first","18":"outofstock","19":"shipping-taxable","20":"purchasable","21":"product-type-simple"},"_links":{"self":[{"href":"https:\/\/takanaka.ro\/ro\/wp-json\/wp\/v2\/product\/6738","targetHints":{"allow":["GET"]}}],"collection":[{"href":"https:\/\/takanaka.ro\/ro\/wp-json\/wp\/v2\/product"}],"about":[{"href":"https:\/\/takanaka.ro\/ro\/wp-json\/wp\/v2\/types\/product"}],"replies":[{"embeddable":true,"href":"https:\/\/takanaka.ro\/ro\/wp-json\/wp\/v2\/comments?post=6738"}],"version-history":[{"count":5,"href":"https:\/\/takanaka.ro\/ro\/wp-json\/wp\/v2\/product\/6738\/revisions"}],"predecessor-version":[{"id":9874,"href":"https:\/\/takanaka.ro\/ro\/wp-json\/wp\/v2\/product\/6738\/revisions\/9874"}],"wp:featuredmedia":[{"embeddable":true,"href":"https:\/\/takanaka.ro\/ro\/wp-json\/wp\/v2\/media\/7316"}],"wp:attachment":[{"href":"https:\/\/takanaka.ro\/ro\/wp-json\/wp\/v2\/media?parent=6738"}],"wp:term":[{"taxonomy":"product_brand","embeddable":true,"href":"https:\/\/takanaka.ro\/ro\/wp-json\/wp\/v2\/product_brand?post=6738"},{"taxonomy":"product_cat","embeddable":true,"href":"https:\/\/takanaka.ro\/ro\/wp-json\/wp\/v2\/product_cat?post=6738"},{"taxonomy":"product_tag","embeddable":true,"href":"https:\/\/takanaka.ro\/ro\/wp-json\/wp\/v2\/product_tag?post=6738"}],"curies":[{"name":"wp","href":"https:\/\/api.w.org\/{rel}","templated":true}]}}