{"id":6700,"date":"2020-05-11T21:39:14","date_gmt":"2020-05-11T18:39:14","guid":{"rendered":"https:\/\/takanaka.britishschool.ro\/product\/import-placeholder-for-6694\/"},"modified":"2022-12-06T10:23:14","modified_gmt":"2022-12-06T08:23:14","slug":"salmon-with-asparagus","status":"publish","type":"product","link":"https:\/\/takanaka.ro\/ro\/produs\/salmon-with-asparagus\/","title":{"rendered":"Somon cu sparanghel"},"content":{"rendered":"","protected":false},"excerpt":{"rendered":"<p>Un somon suculent \u00een crust\u0103 de susan \u0219i o por\u021bie s\u0103n\u0103toas\u0103 de sparanghel g\u0103tit la perfec\u021bie.<\/p>","protected":false},"featured_media":7331,"comment_status":"closed","ping_status":"closed","template":"","meta":[],"product_brand":[],"product_cat":[52],"product_tag":[141,140],"class_list":{"0":"post-6700","1":"product","2":"type-product","3":"status-publish","4":"has-post-thumbnail","6":"product_cat-main-courses","7":"product_tag-asparagus","8":"product_tag-salmon","9":"product_shipping_class-standard","10":"pa_allergens-contains-fish","11":"pa_allergens-milk-and-derivative-products-including-lactose","12":"pa_allergens-sesame-seeds-and-derivative-products","13":"pa_allergens-contains-soya-beans-and-derivative-products","14":"pa_allergens-egg-free","15":"pa_allergens-gluten-free","16":"pa_allergens-natural-ingredients","17":"pa_weight-0-350gr-150-200","19":"first","20":"outofstock","21":"shipping-taxable","22":"purchasable","23":"product-type-simple"},"_links":{"self":[{"href":"https:\/\/takanaka.ro\/ro\/wp-json\/wp\/v2\/product\/6700","targetHints":{"allow":["GET"]}}],"collection":[{"href":"https:\/\/takanaka.ro\/ro\/wp-json\/wp\/v2\/product"}],"about":[{"href":"https:\/\/takanaka.ro\/ro\/wp-json\/wp\/v2\/types\/product"}],"replies":[{"embeddable":true,"href":"https:\/\/takanaka.ro\/ro\/wp-json\/wp\/v2\/comments?post=6700"}],"version-history":[{"count":4,"href":"https:\/\/takanaka.ro\/ro\/wp-json\/wp\/v2\/product\/6700\/revisions"}],"predecessor-version":[{"id":10167,"href":"https:\/\/takanaka.ro\/ro\/wp-json\/wp\/v2\/product\/6700\/revisions\/10167"}],"wp:featuredmedia":[{"embeddable":true,"href":"https:\/\/takanaka.ro\/ro\/wp-json\/wp\/v2\/media\/7331"}],"wp:attachment":[{"href":"https:\/\/takanaka.ro\/ro\/wp-json\/wp\/v2\/media?parent=6700"}],"wp:term":[{"taxonomy":"product_brand","embeddable":true,"href":"https:\/\/takanaka.ro\/ro\/wp-json\/wp\/v2\/product_brand?post=6700"},{"taxonomy":"product_cat","embeddable":true,"href":"https:\/\/takanaka.ro\/ro\/wp-json\/wp\/v2\/product_cat?post=6700"},{"taxonomy":"product_tag","embeddable":true,"href":"https:\/\/takanaka.ro\/ro\/wp-json\/wp\/v2\/product_tag?post=6700"}],"curies":[{"name":"wp","href":"https:\/\/api.w.org\/{rel}","templated":true}]}}