{"id":6697,"date":"2020-05-11T21:39:13","date_gmt":"2020-05-11T18:39:13","guid":{"rendered":"https:\/\/takanaka.britishschool.ro\/product\/import-placeholder-for-6691\/"},"modified":"2022-12-06T10:23:21","modified_gmt":"2022-12-06T08:23:21","slug":"thai-beef-with-vegetables","status":"publish","type":"product","link":"https:\/\/takanaka.ro\/ro\/produs\/thai-beef-with-vegetables\/","title":{"rendered":"Vit\u0103 thailandez\u0103 cu legume"},"content":{"rendered":"","protected":false},"excerpt":{"rendered":"<p>Carne de vit\u0103 aromat\u0103 cu legume proaspete, \u00een sos dulce picant.<\/p>","protected":false},"featured_media":7339,"comment_status":"open","ping_status":"closed","template":"","meta":[],"product_brand":[],"product_cat":[52],"product_tag":[111,147],"class_list":{"0":"post-6697","1":"product","2":"type-product","3":"status-publish","4":"has-post-thumbnail","6":"product_cat-main-courses","7":"product_tag-beef","8":"product_tag-vegetabes","9":"product_shipping_class-standard","10":"pa_allergens-contains-celery-or-derivatives","11":"pa_allergens-sesame-seeds-and-derivative-products","12":"pa_allergens-contains-soya-beans-and-derivative-products","13":"pa_allergens-egg-free","14":"pa_allergens-lactose-free","15":"pa_allergens-natural-ingredients","16":"pa_weight-0-350gr-150-200","18":"first","19":"outofstock","20":"shipping-taxable","21":"purchasable","22":"product-type-simple"},"_links":{"self":[{"href":"https:\/\/takanaka.ro\/ro\/wp-json\/wp\/v2\/product\/6697","targetHints":{"allow":["GET"]}}],"collection":[{"href":"https:\/\/takanaka.ro\/ro\/wp-json\/wp\/v2\/product"}],"about":[{"href":"https:\/\/takanaka.ro\/ro\/wp-json\/wp\/v2\/types\/product"}],"replies":[{"embeddable":true,"href":"https:\/\/takanaka.ro\/ro\/wp-json\/wp\/v2\/comments?post=6697"}],"version-history":[{"count":4,"href":"https:\/\/takanaka.ro\/ro\/wp-json\/wp\/v2\/product\/6697\/revisions"}],"predecessor-version":[{"id":9895,"href":"https:\/\/takanaka.ro\/ro\/wp-json\/wp\/v2\/product\/6697\/revisions\/9895"}],"wp:featuredmedia":[{"embeddable":true,"href":"https:\/\/takanaka.ro\/ro\/wp-json\/wp\/v2\/media\/7339"}],"wp:attachment":[{"href":"https:\/\/takanaka.ro\/ro\/wp-json\/wp\/v2\/media?parent=6697"}],"wp:term":[{"taxonomy":"product_brand","embeddable":true,"href":"https:\/\/takanaka.ro\/ro\/wp-json\/wp\/v2\/product_brand?post=6697"},{"taxonomy":"product_cat","embeddable":true,"href":"https:\/\/takanaka.ro\/ro\/wp-json\/wp\/v2\/product_cat?post=6697"},{"taxonomy":"product_tag","embeddable":true,"href":"https:\/\/takanaka.ro\/ro\/wp-json\/wp\/v2\/product_tag?post=6697"}],"curies":[{"name":"wp","href":"https:\/\/api.w.org\/{rel}","templated":true}]}}