{"id":6690,"date":"2020-05-11T21:07:45","date_gmt":"2020-05-11T18:07:45","guid":{"rendered":"https:\/\/takanaka.britishschool.ro\/?post_type=product&#038;p=6690"},"modified":"2022-12-06T10:23:29","modified_gmt":"2022-12-06T08:23:29","slug":"chicken-skewers-with-celery-puree-and-tzatziki","status":"publish","type":"product","link":"https:\/\/takanaka.ro\/ro\/produs\/chicken-skewers-with-celery-puree-and-tzatziki\/","title":{"rendered":"Frig\u0103rui de pui cu piure de \u021belin\u0103 \u0219i Tzatziki"},"content":{"rendered":"","protected":false},"excerpt":{"rendered":"<p>Piept proasp\u0103t de pui la gr\u0103tar servit cu piure de \u021belin\u0103 \u0219i sos de iaurt pentru o mas\u0103 incredibil de s\u0103n\u0103toas\u0103.<\/p>","protected":false},"featured_media":7342,"comment_status":"open","ping_status":"closed","template":"","meta":[],"product_brand":[],"product_cat":[52],"product_tag":[148,120,149],"class_list":{"0":"post-6690","1":"product","2":"type-product","3":"status-publish","4":"has-post-thumbnail","6":"product_cat-main-courses","7":"product_tag-celery","8":"product_tag-chicken","9":"product_tag-tzatziki","10":"product_shipping_class-standard","11":"pa_allergens-contains-celery-or-derivatives","12":"pa_allergens-milk-and-derivative-products-including-lactose","13":"pa_allergens-egg-free","14":"pa_allergens-gluten-free","15":"pa_allergens-natural-ingredients","16":"pa_weight-0-400gr-150-200-50","18":"first","19":"outofstock","20":"shipping-taxable","21":"purchasable","22":"product-type-simple"},"_links":{"self":[{"href":"https:\/\/takanaka.ro\/ro\/wp-json\/wp\/v2\/product\/6690","targetHints":{"allow":["GET"]}}],"collection":[{"href":"https:\/\/takanaka.ro\/ro\/wp-json\/wp\/v2\/product"}],"about":[{"href":"https:\/\/takanaka.ro\/ro\/wp-json\/wp\/v2\/types\/product"}],"replies":[{"embeddable":true,"href":"https:\/\/takanaka.ro\/ro\/wp-json\/wp\/v2\/comments?post=6690"}],"version-history":[{"count":4,"href":"https:\/\/takanaka.ro\/ro\/wp-json\/wp\/v2\/product\/6690\/revisions"}],"predecessor-version":[{"id":10161,"href":"https:\/\/takanaka.ro\/ro\/wp-json\/wp\/v2\/product\/6690\/revisions\/10161"}],"wp:featuredmedia":[{"embeddable":true,"href":"https:\/\/takanaka.ro\/ro\/wp-json\/wp\/v2\/media\/7342"}],"wp:attachment":[{"href":"https:\/\/takanaka.ro\/ro\/wp-json\/wp\/v2\/media?parent=6690"}],"wp:term":[{"taxonomy":"product_brand","embeddable":true,"href":"https:\/\/takanaka.ro\/ro\/wp-json\/wp\/v2\/product_brand?post=6690"},{"taxonomy":"product_cat","embeddable":true,"href":"https:\/\/takanaka.ro\/ro\/wp-json\/wp\/v2\/product_cat?post=6690"},{"taxonomy":"product_tag","embeddable":true,"href":"https:\/\/takanaka.ro\/ro\/wp-json\/wp\/v2\/product_tag?post=6690"}],"curies":[{"name":"wp","href":"https:\/\/api.w.org\/{rel}","templated":true}]}}