{"id":14329,"date":"2025-04-04T15:27:02","date_gmt":"2025-04-04T12:27:02","guid":{"rendered":"https:\/\/takanaka.ro\/?post_type=product&#038;p=14329"},"modified":"2026-04-04T00:07:52","modified_gmt":"2026-04-03T21:07:52","slug":"sweet-cheese-and-raisin-pie-easter","status":"publish","type":"product","link":"https:\/\/takanaka.ro\/ro\/produs\/sweet-cheese-and-raisin-pie-easter\/","title":{"rendered":"Pasc\u0103 cu br\u00e2nz\u0103 dulce \u0219i stafide"},"content":{"rendered":"<p>Desert tradi\u021bional cu foietaj, umplut cu br\u00e2nz\u0103 dulce \u0219i stafide.<\/p>","protected":false},"excerpt":{"rendered":"<p>Desert tradi\u021bional cu foietaj, umplut cu br\u00e2nz\u0103 dulce \u0219i stafide. <strong>Cantitate: 1 kg (10 por\u021bii)<\/strong><\/p>","protected":false},"featured_media":14333,"comment_status":"closed","ping_status":"closed","template":"","meta":[],"product_brand":[],"product_cat":[278],"product_tag":[343],"class_list":{"0":"post-14329","1":"product","2":"type-product","3":"status-publish","4":"has-post-thumbnail","6":"product_cat-easter-collection","7":"product_tag-sweet-cheese","8":"product_shipping_class-special-time","9":"pa_allergens-contains-eggs","10":"pa_allergens-contains-gluten","11":"pa_allergens-milk-and-derivative-products-including-lactose","12":"pa_allergens-natural-ingredients","13":"pa_allergens-suitable-for-vegetarians","14":"pa_pickup-date-6-04-2026","15":"pa_pickup-date-7-04-2026","16":"pa_pickup-date-8-04-2026","17":"pa_pickup-date-9-04-2026","18":"pa_pickup-time-315","19":"pa_pickup-time-316","20":"pa_pickup-time-264","21":"pa_pickup-time-265","22":"pa_pickup-time-266","23":"pa_pickup-time-267","24":"pa_pickup-time-268","25":"pa_pickup-time-269","26":"pa_pickup-time-270","27":"pa_pickup-time-271","28":"pa_pickup-time-272","29":"pa_pickup-time-273","30":"pa_pickup-time-274","31":"pa_pickup-time-275","32":"pa_pickup-time-276","33":"pa_pickup-time-325","34":"pa_pickup-time-326","35":"pa_weight-1kg","37":"first","38":"outofstock","39":"shipping-taxable","40":"product-type-simple"},"_links":{"self":[{"href":"https:\/\/takanaka.ro\/ro\/wp-json\/wp\/v2\/product\/14329","targetHints":{"allow":["GET"]}}],"collection":[{"href":"https:\/\/takanaka.ro\/ro\/wp-json\/wp\/v2\/product"}],"about":[{"href":"https:\/\/takanaka.ro\/ro\/wp-json\/wp\/v2\/types\/product"}],"replies":[{"embeddable":true,"href":"https:\/\/takanaka.ro\/ro\/wp-json\/wp\/v2\/comments?post=14329"}],"version-history":[{"count":3,"href":"https:\/\/takanaka.ro\/ro\/wp-json\/wp\/v2\/product\/14329\/revisions"}],"predecessor-version":[{"id":16448,"href":"https:\/\/takanaka.ro\/ro\/wp-json\/wp\/v2\/product\/14329\/revisions\/16448"}],"wp:featuredmedia":[{"embeddable":true,"href":"https:\/\/takanaka.ro\/ro\/wp-json\/wp\/v2\/media\/14333"}],"wp:attachment":[{"href":"https:\/\/takanaka.ro\/ro\/wp-json\/wp\/v2\/media?parent=14329"}],"wp:term":[{"taxonomy":"product_brand","embeddable":true,"href":"https:\/\/takanaka.ro\/ro\/wp-json\/wp\/v2\/product_brand?post=14329"},{"taxonomy":"product_cat","embeddable":true,"href":"https:\/\/takanaka.ro\/ro\/wp-json\/wp\/v2\/product_cat?post=14329"},{"taxonomy":"product_tag","embeddable":true,"href":"https:\/\/takanaka.ro\/ro\/wp-json\/wp\/v2\/product_tag?post=14329"}],"curies":[{"name":"wp","href":"https:\/\/api.w.org\/{rel}","templated":true}]}}