{"id":14298,"date":"2025-04-04T13:51:41","date_gmt":"2025-04-04T10:51:41","guid":{"rendered":"https:\/\/takanaka.ro\/?post_type=product&#038;p=14298"},"modified":"2026-04-04T00:06:51","modified_gmt":"2026-04-03T21:06:51","slug":"traditional-romanian-classic-sweet-bread-with-nuts-cocoa-and-raisins-easter","status":"publish","type":"product","link":"https:\/\/takanaka.ro\/ro\/produs\/traditional-romanian-classic-sweet-bread-with-nuts-cocoa-and-raisins-easter\/","title":{"rendered":"Cozonac clasic cu nuc\u0103, cacao \u0219i stafide"},"content":{"rendered":"<p>Cozonac pufos, cu o umplutur\u0103 generoas\u0103 de nuc\u0103 crocant\u0103, stafide dulci \u0219i cacao aromat\u0103 \u2013 desertul ideal pentru momentele speciale!<\/p>","protected":false},"excerpt":{"rendered":"<p>Cozonac pufos, cu o umplutur\u0103 generoas\u0103 de nuc\u0103 crocant\u0103, stafide dulci \u0219i cacao aromat\u0103 \u2013 desertul ideal pentru momentele speciale!<\/p>\n<p class=\"delivary\"><strong>Livrare<\/strong> Livrarea se efectueaz\u0103 doar pentru comenzi mai mari de 500 lei.<\/p>","protected":false},"featured_media":14301,"comment_status":"closed","ping_status":"closed","template":"","meta":[],"product_brand":[],"product_cat":[278],"product_tag":[342],"class_list":{"0":"post-14298","1":"product","2":"type-product","3":"status-publish","4":"has-post-thumbnail","6":"product_cat-easter-collection","7":"product_tag-sweet-bread","8":"product_shipping_class-special-time","9":"pa_allergens-contains-eggs","10":"pa_allergens-contains-gluten","11":"pa_allergens-milk-and-derivative-products-including-lactose","12":"pa_allergens-contains-nuts","13":"pa_allergens-contains-peanuts","14":"pa_pickup-date-6-04-2026","15":"pa_pickup-date-7-04-2026","16":"pa_pickup-date-8-04-2026","17":"pa_pickup-date-9-04-2026","18":"pa_pickup-time-315","19":"pa_pickup-time-316","20":"pa_pickup-time-264","21":"pa_pickup-time-265","22":"pa_pickup-time-266","23":"pa_pickup-time-267","24":"pa_pickup-time-268","25":"pa_pickup-time-269","26":"pa_pickup-time-270","27":"pa_pickup-time-271","28":"pa_pickup-time-272","29":"pa_pickup-time-273","30":"pa_pickup-time-274","31":"pa_pickup-time-275","32":"pa_pickup-time-276","33":"pa_pickup-time-325","34":"pa_pickup-time-326","35":"pa_weight-950gr","37":"first","38":"outofstock","39":"shipping-taxable","40":"product-type-simple"},"_links":{"self":[{"href":"https:\/\/takanaka.ro\/ro\/wp-json\/wp\/v2\/product\/14298","targetHints":{"allow":["GET"]}}],"collection":[{"href":"https:\/\/takanaka.ro\/ro\/wp-json\/wp\/v2\/product"}],"about":[{"href":"https:\/\/takanaka.ro\/ro\/wp-json\/wp\/v2\/types\/product"}],"replies":[{"embeddable":true,"href":"https:\/\/takanaka.ro\/ro\/wp-json\/wp\/v2\/comments?post=14298"}],"version-history":[{"count":4,"href":"https:\/\/takanaka.ro\/ro\/wp-json\/wp\/v2\/product\/14298\/revisions"}],"predecessor-version":[{"id":16446,"href":"https:\/\/takanaka.ro\/ro\/wp-json\/wp\/v2\/product\/14298\/revisions\/16446"}],"wp:featuredmedia":[{"embeddable":true,"href":"https:\/\/takanaka.ro\/ro\/wp-json\/wp\/v2\/media\/14301"}],"wp:attachment":[{"href":"https:\/\/takanaka.ro\/ro\/wp-json\/wp\/v2\/media?parent=14298"}],"wp:term":[{"taxonomy":"product_brand","embeddable":true,"href":"https:\/\/takanaka.ro\/ro\/wp-json\/wp\/v2\/product_brand?post=14298"},{"taxonomy":"product_cat","embeddable":true,"href":"https:\/\/takanaka.ro\/ro\/wp-json\/wp\/v2\/product_cat?post=14298"},{"taxonomy":"product_tag","embeddable":true,"href":"https:\/\/takanaka.ro\/ro\/wp-json\/wp\/v2\/product_tag?post=14298"}],"curies":[{"name":"wp","href":"https:\/\/api.w.org\/{rel}","templated":true}]}}