{"id":12130,"date":"2024-12-05T00:00:12","date_gmt":"2024-12-04T22:00:12","guid":{"rendered":"https:\/\/takanaka.ro\/?post_type=product&#038;p=12130"},"modified":"2025-12-22T00:00:14","modified_gmt":"2025-12-21T22:00:14","slug":"traditional-romanian-classic-sweet-bread-with-nuts-cocoa-and-raisins","status":"publish","type":"product","link":"https:\/\/takanaka.ro\/ro\/produs\/traditional-romanian-classic-sweet-bread-with-nuts-cocoa-and-raisins\/","title":{"rendered":"Cozonac clasic cu nuc\u0103, cacao, stafide"},"content":{"rendered":"<p>Cozonac pufos, cu o umplutur\u0103 generoas\u0103 de nuc\u0103 crocant\u0103, stafide dulci \u0219i cacao aromat\u0103 \u2013 desertul ideal pentru momentele speciale!<\/p>","protected":false},"excerpt":{"rendered":"<p>Cozonac pufos, cu o umplutur\u0103 generoas\u0103 de nuc\u0103 crocant\u0103, stafide dulci \u0219i cacao aromat\u0103 \u2013 desertul ideal pentru momentele speciale!<\/p>\n<p><strong>Livrare <\/strong>Livrarea se face doar pentru comenzi de peste 500 lei, \u00een limita <a href=\"https:\/\/takanaka.ro\/ro\/delivery-zone\/\">zonei de livrare<\/a>.<\/p>","protected":false},"featured_media":14181,"comment_status":"closed","ping_status":"closed","template":"","meta":[],"product_brand":[],"product_cat":[305],"product_tag":[],"class_list":{"0":"post-12130","1":"product","2":"type-product","3":"status-publish","4":"has-post-thumbnail","6":"product_cat-winter-collection","7":"product_shipping_class-special-time","8":"pa_allergens-contains-eggs","9":"pa_allergens-contains-gluten","10":"pa_allergens-milk-and-derivative-products-including-lactose","11":"pa_allergens-contains-nuts","12":"pa_allergens-contains-peanuts","13":"pa_pickup-date-18-12-2025","14":"pa_pickup-date-19-12-2025","15":"pa_pickup-date-22-12-2025","16":"pa_pickup-date-23-12-2025","17":"pa_pickup-date-24-12-2025","18":"pa_pickup-time-315","19":"pa_pickup-time-316","20":"pa_pickup-time-264","21":"pa_pickup-time-265","22":"pa_pickup-time-266","23":"pa_pickup-time-267","24":"pa_pickup-time-268","25":"pa_pickup-time-269","26":"pa_pickup-time-270","27":"pa_pickup-time-271","28":"pa_pickup-time-272","29":"pa_pickup-time-273","30":"pa_pickup-time-274","31":"pa_pickup-time-275","32":"pa_pickup-time-276","33":"pa_pickup-time-325","34":"pa_pickup-time-326","35":"pa_pickup-time-327","36":"pa_weight-950gr","38":"first","39":"outofstock","40":"shipping-taxable","41":"product-type-simple"},"_links":{"self":[{"href":"https:\/\/takanaka.ro\/ro\/wp-json\/wp\/v2\/product\/12130","targetHints":{"allow":["GET"]}}],"collection":[{"href":"https:\/\/takanaka.ro\/ro\/wp-json\/wp\/v2\/product"}],"about":[{"href":"https:\/\/takanaka.ro\/ro\/wp-json\/wp\/v2\/types\/product"}],"replies":[{"embeddable":true,"href":"https:\/\/takanaka.ro\/ro\/wp-json\/wp\/v2\/comments?post=12130"}],"version-history":[{"count":28,"href":"https:\/\/takanaka.ro\/ro\/wp-json\/wp\/v2\/product\/12130\/revisions"}],"predecessor-version":[{"id":16234,"href":"https:\/\/takanaka.ro\/ro\/wp-json\/wp\/v2\/product\/12130\/revisions\/16234"}],"wp:featuredmedia":[{"embeddable":true,"href":"https:\/\/takanaka.ro\/ro\/wp-json\/wp\/v2\/media\/14181"}],"wp:attachment":[{"href":"https:\/\/takanaka.ro\/ro\/wp-json\/wp\/v2\/media?parent=12130"}],"wp:term":[{"taxonomy":"product_brand","embeddable":true,"href":"https:\/\/takanaka.ro\/ro\/wp-json\/wp\/v2\/product_brand?post=12130"},{"taxonomy":"product_cat","embeddable":true,"href":"https:\/\/takanaka.ro\/ro\/wp-json\/wp\/v2\/product_cat?post=12130"},{"taxonomy":"product_tag","embeddable":true,"href":"https:\/\/takanaka.ro\/ro\/wp-json\/wp\/v2\/product_tag?post=12130"}],"curies":[{"name":"wp","href":"https:\/\/api.w.org\/{rel}","templated":true}]}}