{"id":10534,"date":"2021-11-29T12:28:29","date_gmt":"2021-11-29T10:28:29","guid":{"rendered":"https:\/\/takanaka.ro\/?post_type=product&#038;p=10534"},"modified":"2021-12-28T11:55:14","modified_gmt":"2021-12-28T09:55:14","slug":"meat-delight-menu","status":"publish","type":"product","link":"https:\/\/takanaka.ro\/ro\/produs\/meat-delight-menu\/","title":{"rendered":"Meniul Meat Delight"},"content":{"rendered":"<p><br \/>\n<div style=\"position:relative;padding-top:max(60%,326px);height:0;width:100%\"><iframe sandbox=\"allow-top-navigation allow-top-navigation-by-user-activation allow-downloads allow-scripts allow-same-origin allow-popups allow-modals allow-popups-to-escape-sandbox\" allowfullscreen=\"true\" style=\"position:absolute;border:none;width:100%;height:100%;left:0;right:0;top:0;bottom:0;\" src=\"https:\/\/e.issuu.com\/embed.html?d=takanaka_winter_festive_menu_ro&hideIssuuLogo=true&u=britishschoolofbucharest\"><\/iframe><\/div><\/p>","protected":false},"excerpt":{"rendered":"<p>\u00cen meniul nostru \u201eMeat Delight\u201d ve\u021bi g\u0103si preparate din carne tradi\u021bionale, al\u0103turi de alte feluri de m\u00e2ncare delicioase cum ar fi un platou de aperitive dup\u0103 care v\u0103 va l\u0103sa gura ap\u0103, o friptur\u0103 de vi\u021bel g\u0103tit\u0103 la foc lent cu sos de trufe precum \u0219i un copan de ra\u021b\u0103 confiat cu cimbru verde \u0219i usturoi.<br \/>\nAdecvat pentru 4 persoane.<\/p>","protected":false},"featured_media":0,"comment_status":"closed","ping_status":"closed","template":"","meta":[],"product_brand":[],"product_cat":[169],"product_tag":[],"class_list":{"0":"post-10534","1":"product","2":"type-product","3":"status-publish","5":"product_cat-winter-festive-menu","6":"product_shipping_class-special-time","7":"pa_allergens-contains-celery-or-derivatives","8":"pa_allergens-contains-eggs","9":"pa_allergens-contains-fish","10":"pa_allergens-contains-gluten","11":"pa_allergens-milk-and-derivative-products-including-lactose","12":"pa_allergens-contains-mustard-seeds-and-derivative-products","13":"pa_pickup-time-264","14":"pa_pickup-time-265","15":"pa_pickup-time-266","16":"pa_pickup-time-267","17":"pa_pickup-time-268","18":"pa_pickup-time-269","19":"pa_pickup-time-270","20":"pa_pickup-time-271","21":"pa_pickup-time-272","22":"pa_pickup-time-273","23":"pa_pickup-time-274","24":"pa_pickup-time-275","25":"pa_pickup-time-276","27":"first","28":"outofstock","29":"shipping-taxable","30":"purchasable","31":"product-type-variable"},"_links":{"self":[{"href":"https:\/\/takanaka.ro\/ro\/wp-json\/wp\/v2\/product\/10534","targetHints":{"allow":["GET"]}}],"collection":[{"href":"https:\/\/takanaka.ro\/ro\/wp-json\/wp\/v2\/product"}],"about":[{"href":"https:\/\/takanaka.ro\/ro\/wp-json\/wp\/v2\/types\/product"}],"replies":[{"embeddable":true,"href":"https:\/\/takanaka.ro\/ro\/wp-json\/wp\/v2\/comments?post=10534"}],"version-history":[{"count":0,"href":"https:\/\/takanaka.ro\/ro\/wp-json\/wp\/v2\/product\/10534\/revisions"}],"wp:attachment":[{"href":"https:\/\/takanaka.ro\/ro\/wp-json\/wp\/v2\/media?parent=10534"}],"wp:term":[{"taxonomy":"product_brand","embeddable":true,"href":"https:\/\/takanaka.ro\/ro\/wp-json\/wp\/v2\/product_brand?post=10534"},{"taxonomy":"product_cat","embeddable":true,"href":"https:\/\/takanaka.ro\/ro\/wp-json\/wp\/v2\/product_cat?post=10534"},{"taxonomy":"product_tag","embeddable":true,"href":"https:\/\/takanaka.ro\/ro\/wp-json\/wp\/v2\/product_tag?post=10534"}],"curies":[{"name":"wp","href":"https:\/\/api.w.org\/{rel}","templated":true}]}}