{"id":10524,"date":"2021-11-29T12:21:52","date_gmt":"2021-11-29T10:21:52","guid":{"rendered":"https:\/\/takanaka.ro\/?post_type=product&#038;p=10524"},"modified":"2021-12-28T11:56:29","modified_gmt":"2021-12-28T09:56:29","slug":"international-feast-menu-2","status":"publish","type":"product","link":"https:\/\/takanaka.ro\/ro\/produs\/international-feast-menu-2\/","title":{"rendered":"Meniul International Feast"},"content":{"rendered":"<p><br \/>\n<div style=\"position:relative;padding-top:max(60%,326px);height:0;width:100%\"><iframe sandbox=\"allow-top-navigation allow-top-navigation-by-user-activation allow-downloads allow-scripts allow-same-origin allow-popups allow-modals allow-popups-to-escape-sandbox\" allowfullscreen=\"true\" style=\"position:absolute;border:none;width:100%;height:100%;left:0;right:0;top:0;bottom:0;\" src=\"https:\/\/e.issuu.com\/embed.html?d=takanaka_winter_festive_menu_ro&hideIssuuLogo=true&u=britishschoolofbucharest\"><\/iframe><\/div><\/p>","protected":false},"excerpt":{"rendered":"<p><span style=\"color: #000000; font-family: Calibri; font-size: medium;\">Meniul \"International Feast\" reune\u0219te un minunat platou de br\u00e2nzeturi, al\u0103turi de aperitive delicioase din \u00eentreaga lume. Felul principal const\u0103 \u00een preparate mixte din carne cum ar fi p\u0103str\u0103v \u00een crust\u0103 de porumb cu pesto de ardei la cuptor, pui de ferm\u0103 copt la foc lent, glazurat cu miere, unt \u0219i l\u0103m\u00e2ie \u0219i sarmale \u00een foi de varz\u0103 umplute cu carne de vit\u0103 \u00een vin ro\u0219u. <span class=\"Apple-converted-space\">\u00a0<\/span><\/span><\/p>\n<p><span style=\"color: #000000; font-family: Calibri; font-size: medium;\">Adecvat pentru 4 persoane.<\/span><\/p>","protected":false},"featured_media":0,"comment_status":"closed","ping_status":"closed","template":"","meta":[],"product_brand":[],"product_cat":[169],"product_tag":[],"class_list":{"0":"post-10524","1":"product","2":"type-product","3":"status-publish","5":"product_cat-winter-festive-menu","6":"product_shipping_class-special-time","7":"pa_allergens-contains-celery-or-derivatives","8":"pa_allergens-contains-eggs","9":"pa_allergens-contains-fish","10":"pa_allergens-contains-gluten","11":"pa_allergens-milk-and-derivative-products-including-lactose","12":"pa_allergens-sesame-seeds-and-derivative-products","13":"pa_allergens-natural-ingredients","14":"pa_pickup-time-264","15":"pa_pickup-time-265","16":"pa_pickup-time-266","17":"pa_pickup-time-267","18":"pa_pickup-time-268","19":"pa_pickup-time-269","20":"pa_pickup-time-270","21":"pa_pickup-time-271","22":"pa_pickup-time-272","23":"pa_pickup-time-273","24":"pa_pickup-time-274","25":"pa_pickup-time-275","26":"pa_pickup-time-276","28":"first","29":"outofstock","30":"shipping-taxable","31":"purchasable","32":"product-type-variable"},"_links":{"self":[{"href":"https:\/\/takanaka.ro\/ro\/wp-json\/wp\/v2\/product\/10524","targetHints":{"allow":["GET"]}}],"collection":[{"href":"https:\/\/takanaka.ro\/ro\/wp-json\/wp\/v2\/product"}],"about":[{"href":"https:\/\/takanaka.ro\/ro\/wp-json\/wp\/v2\/types\/product"}],"replies":[{"embeddable":true,"href":"https:\/\/takanaka.ro\/ro\/wp-json\/wp\/v2\/comments?post=10524"}],"version-history":[{"count":0,"href":"https:\/\/takanaka.ro\/ro\/wp-json\/wp\/v2\/product\/10524\/revisions"}],"wp:attachment":[{"href":"https:\/\/takanaka.ro\/ro\/wp-json\/wp\/v2\/media?parent=10524"}],"wp:term":[{"taxonomy":"product_brand","embeddable":true,"href":"https:\/\/takanaka.ro\/ro\/wp-json\/wp\/v2\/product_brand?post=10524"},{"taxonomy":"product_cat","embeddable":true,"href":"https:\/\/takanaka.ro\/ro\/wp-json\/wp\/v2\/product_cat?post=10524"},{"taxonomy":"product_tag","embeddable":true,"href":"https:\/\/takanaka.ro\/ro\/wp-json\/wp\/v2\/product_tag?post=10524"}],"curies":[{"name":"wp","href":"https:\/\/api.w.org\/{rel}","templated":true}]}}