{"id":10515,"date":"2021-11-29T12:22:18","date_gmt":"2021-11-29T10:22:18","guid":{"rendered":"https:\/\/takanaka.ro\/?post_type=product&#038;p=10515"},"modified":"2021-12-28T11:56:23","modified_gmt":"2021-12-28T09:56:23","slug":"veggie-lovers-menu-2","status":"publish","type":"product","link":"https:\/\/takanaka.ro\/ro\/produs\/veggie-lovers-menu-2\/","title":{"rendered":"Meniu Veggie Lovers"},"content":{"rendered":"<p><br \/>\n<div style=\"position:relative;padding-top:max(60%,326px);height:0;width:100%\"><iframe sandbox=\"allow-top-navigation allow-top-navigation-by-user-activation allow-downloads allow-scripts allow-same-origin allow-popups allow-modals allow-popups-to-escape-sandbox\" allowfullscreen=\"true\" style=\"position:absolute;border:none;width:100%;height:100%;left:0;right:0;top:0;bottom:0;\" src=\"https:\/\/e.issuu.com\/embed.html?d=takanaka_winter_festive_menu_ro&hideIssuuLogo=true&u=britishschoolofbucharest\"><\/iframe><\/div><\/p>","protected":false},"excerpt":{"rendered":"<p>Meniul nostru \u201eVeggie Lovers\u201d este un vis pentru persoanele vegetariene. Platoul de aperitive vegetariene seduc\u0103tor \u0219i perfect echilibrat este completat de felurile noastre principale care constau \u00een s\u0103rm\u0103lu\u021be \u00een foi de varz\u0103 umplute cu orez \u0219i ciuperci, lasagne cu legume \u0219i \u0219ni\u021bel de soia la cuptor cu semin\u021be de susan.<br \/>\nAdecvat pentru 4 persoane.<\/p>","protected":false},"featured_media":0,"comment_status":"closed","ping_status":"closed","template":"","meta":[],"product_brand":[],"product_cat":[169],"product_tag":[],"class_list":{"0":"post-10515","1":"product","2":"type-product","3":"status-publish","5":"product_cat-winter-festive-menu","6":"product_shipping_class-special-time","7":"pa_allergens-contains-celery-or-derivatives","8":"pa_allergens-contains-eggs","9":"pa_allergens-contains-fish","10":"pa_allergens-contains-gluten","11":"pa_allergens-milk-and-derivative-products-including-lactose","12":"pa_allergens-contains-mustard","13":"pa_allergens-contains-mustard-seeds-and-derivative-products","14":"pa_allergens-sesame-seeds-and-derivative-products","15":"pa_allergens-contains-soya-beans-and-derivative-products","16":"pa_allergens-natural-ingredients","17":"pa_pickup-time-264","18":"pa_pickup-time-265","19":"pa_pickup-time-266","20":"pa_pickup-time-267","21":"pa_pickup-time-268","22":"pa_pickup-time-269","23":"pa_pickup-time-270","24":"pa_pickup-time-271","25":"pa_pickup-time-272","26":"pa_pickup-time-273","27":"pa_pickup-time-274","28":"pa_pickup-time-275","29":"pa_pickup-time-276","31":"first","32":"outofstock","33":"shipping-taxable","34":"purchasable","35":"product-type-variable"},"_links":{"self":[{"href":"https:\/\/takanaka.ro\/ro\/wp-json\/wp\/v2\/product\/10515","targetHints":{"allow":["GET"]}}],"collection":[{"href":"https:\/\/takanaka.ro\/ro\/wp-json\/wp\/v2\/product"}],"about":[{"href":"https:\/\/takanaka.ro\/ro\/wp-json\/wp\/v2\/types\/product"}],"replies":[{"embeddable":true,"href":"https:\/\/takanaka.ro\/ro\/wp-json\/wp\/v2\/comments?post=10515"}],"version-history":[{"count":0,"href":"https:\/\/takanaka.ro\/ro\/wp-json\/wp\/v2\/product\/10515\/revisions"}],"wp:attachment":[{"href":"https:\/\/takanaka.ro\/ro\/wp-json\/wp\/v2\/media?parent=10515"}],"wp:term":[{"taxonomy":"product_brand","embeddable":true,"href":"https:\/\/takanaka.ro\/ro\/wp-json\/wp\/v2\/product_brand?post=10515"},{"taxonomy":"product_cat","embeddable":true,"href":"https:\/\/takanaka.ro\/ro\/wp-json\/wp\/v2\/product_cat?post=10515"},{"taxonomy":"product_tag","embeddable":true,"href":"https:\/\/takanaka.ro\/ro\/wp-json\/wp\/v2\/product_tag?post=10515"}],"curies":[{"name":"wp","href":"https:\/\/api.w.org\/{rel}","templated":true}]}}