{"id":10396,"date":"2021-05-11T13:03:08","date_gmt":"2021-05-11T10:03:08","guid":{"rendered":"https:\/\/takanaka.ro\/?post_type=product&#038;p=10396"},"modified":"2022-12-06T10:07:48","modified_gmt":"2022-12-06T08:07:48","slug":"cannoli","status":"publish","type":"product","link":"https:\/\/takanaka.ro\/ro\/produs\/cannoli\/","title":{"rendered":"Cannoli"},"content":{"rendered":"","protected":false},"excerpt":{"rendered":"<p>Produse de cofet\u0103rie siciliene crocante umplute cu br\u00e2nz\u0103 ricotta cremoas\u0103 \u0219i fulgi de ciocolat\u0103. <\/p>","protected":false},"featured_media":0,"comment_status":"closed","ping_status":"closed","template":"","meta":[],"product_brand":[],"product_cat":[56],"product_tag":[232,101,229,230],"class_list":{"0":"post-10396","1":"product","2":"type-product","3":"status-publish","5":"product_cat-desserts","6":"product_tag-cannoli","7":"product_tag-dessert","8":"product_tag-desserts","9":"product_tag-italian-dessert","10":"product_shipping_class-standard","11":"pa_allergens-contains-eggs","12":"pa_allergens-contains-gluten","13":"pa_allergens-milk-and-derivative-products-including-lactose","14":"pa_weight-100gr","16":"first","17":"outofstock","18":"shipping-taxable","19":"purchasable","20":"product-type-simple"},"_links":{"self":[{"href":"https:\/\/takanaka.ro\/ro\/wp-json\/wp\/v2\/product\/10396","targetHints":{"allow":["GET"]}}],"collection":[{"href":"https:\/\/takanaka.ro\/ro\/wp-json\/wp\/v2\/product"}],"about":[{"href":"https:\/\/takanaka.ro\/ro\/wp-json\/wp\/v2\/types\/product"}],"replies":[{"embeddable":true,"href":"https:\/\/takanaka.ro\/ro\/wp-json\/wp\/v2\/comments?post=10396"}],"version-history":[{"count":1,"href":"https:\/\/takanaka.ro\/ro\/wp-json\/wp\/v2\/product\/10396\/revisions"}],"predecessor-version":[{"id":12237,"href":"https:\/\/takanaka.ro\/ro\/wp-json\/wp\/v2\/product\/10396\/revisions\/12237"}],"wp:attachment":[{"href":"https:\/\/takanaka.ro\/ro\/wp-json\/wp\/v2\/media?parent=10396"}],"wp:term":[{"taxonomy":"product_brand","embeddable":true,"href":"https:\/\/takanaka.ro\/ro\/wp-json\/wp\/v2\/product_brand?post=10396"},{"taxonomy":"product_cat","embeddable":true,"href":"https:\/\/takanaka.ro\/ro\/wp-json\/wp\/v2\/product_cat?post=10396"},{"taxonomy":"product_tag","embeddable":true,"href":"https:\/\/takanaka.ro\/ro\/wp-json\/wp\/v2\/product_tag?post=10396"}],"curies":[{"name":"wp","href":"https:\/\/api.w.org\/{rel}","templated":true}]}}