{"id":10372,"date":"2021-05-11T13:06:52","date_gmt":"2021-05-11T10:06:52","guid":{"rendered":"https:\/\/takanaka.ro\/?post_type=product&#038;p=10372"},"modified":"2022-12-06T10:07:37","modified_gmt":"2022-12-06T08:07:37","slug":"chicken-capricciosa-salad","status":"publish","type":"product","link":"https:\/\/takanaka.ro\/ro\/produs\/chicken-capricciosa-salad\/","title":{"rendered":"Salat\u0103 Capricciosa cu pui"},"content":{"rendered":"","protected":false},"excerpt":{"rendered":"<p>O salat\u0103 bogat\u0103 plin\u0103 de arome, cu piept de pui \u0219i multe legume crocante t\u0103iate batonete.<\/p>","protected":false},"featured_media":0,"comment_status":"closed","ping_status":"closed","template":"","meta":[],"product_brand":[],"product_cat":[53],"product_tag":[220,218,219,108],"class_list":{"0":"post-10372","1":"product","2":"type-product","3":"status-publish","5":"product_cat-salads","6":"product_tag-italian-cuisine","7":"product_tag-italian-dishes","8":"product_tag-italian-food","9":"product_tag-pasta","10":"product_shipping_class-standard","11":"pa_allergens-contains-celery-or-derivatives","12":"pa_allergens-contains-eggs","13":"pa_allergens-contains-mustard","14":"pa_allergens-gluten-free","15":"pa_weight-300gr","17":"first","18":"outofstock","19":"shipping-taxable","20":"purchasable","21":"product-type-simple"},"_links":{"self":[{"href":"https:\/\/takanaka.ro\/ro\/wp-json\/wp\/v2\/product\/10372","targetHints":{"allow":["GET"]}}],"collection":[{"href":"https:\/\/takanaka.ro\/ro\/wp-json\/wp\/v2\/product"}],"about":[{"href":"https:\/\/takanaka.ro\/ro\/wp-json\/wp\/v2\/types\/product"}],"replies":[{"embeddable":true,"href":"https:\/\/takanaka.ro\/ro\/wp-json\/wp\/v2\/comments?post=10372"}],"version-history":[{"count":1,"href":"https:\/\/takanaka.ro\/ro\/wp-json\/wp\/v2\/product\/10372\/revisions"}],"predecessor-version":[{"id":12236,"href":"https:\/\/takanaka.ro\/ro\/wp-json\/wp\/v2\/product\/10372\/revisions\/12236"}],"wp:attachment":[{"href":"https:\/\/takanaka.ro\/ro\/wp-json\/wp\/v2\/media?parent=10372"}],"wp:term":[{"taxonomy":"product_brand","embeddable":true,"href":"https:\/\/takanaka.ro\/ro\/wp-json\/wp\/v2\/product_brand?post=10372"},{"taxonomy":"product_cat","embeddable":true,"href":"https:\/\/takanaka.ro\/ro\/wp-json\/wp\/v2\/product_cat?post=10372"},{"taxonomy":"product_tag","embeddable":true,"href":"https:\/\/takanaka.ro\/ro\/wp-json\/wp\/v2\/product_tag?post=10372"}],"curies":[{"name":"wp","href":"https:\/\/api.w.org\/{rel}","templated":true}]}}