{"id":10325,"date":"2021-05-11T12:50:23","date_gmt":"2021-05-11T09:50:23","guid":{"rendered":"https:\/\/takanaka.ro\/?post_type=product&#038;p=10325"},"modified":"2022-12-06T10:08:46","modified_gmt":"2022-12-06T08:08:46","slug":"neapolitan-pizza","status":"publish","type":"product","link":"https:\/\/takanaka.ro\/ro\/produs\/neapolitan-pizza\/","title":{"rendered":"Pizza Napoletana"},"content":{"rendered":"","protected":false},"excerpt":{"rendered":"<p>Pizza napoletan\u0103 autentic\u0103 f\u0103cut\u0103 cu mozarella di Buffala, ro\u0219ii \u0219i busuioc.<\/p>","protected":false},"featured_media":0,"comment_status":"closed","ping_status":"closed","template":"","meta":[],"product_brand":[],"product_cat":[55],"product_tag":[217,117],"class_list":{"0":"post-10325","1":"product","2":"type-product","3":"status-publish","5":"product_cat-pizzas","6":"product_tag-italian","7":"product_tag-pizza","8":"product_shipping_class-standard","9":"pa_allergens-contains-gluten","10":"pa_allergens-milk-and-derivative-products-including-lactose","11":"pa_allergens-egg-free","12":"pa_weight-1-piece-32cm","14":"first","15":"outofstock","16":"shipping-taxable","17":"purchasable","18":"product-type-simple"},"_links":{"self":[{"href":"https:\/\/takanaka.ro\/ro\/wp-json\/wp\/v2\/product\/10325","targetHints":{"allow":["GET"]}}],"collection":[{"href":"https:\/\/takanaka.ro\/ro\/wp-json\/wp\/v2\/product"}],"about":[{"href":"https:\/\/takanaka.ro\/ro\/wp-json\/wp\/v2\/types\/product"}],"replies":[{"embeddable":true,"href":"https:\/\/takanaka.ro\/ro\/wp-json\/wp\/v2\/comments?post=10325"}],"version-history":[{"count":1,"href":"https:\/\/takanaka.ro\/ro\/wp-json\/wp\/v2\/product\/10325\/revisions"}],"predecessor-version":[{"id":12241,"href":"https:\/\/takanaka.ro\/ro\/wp-json\/wp\/v2\/product\/10325\/revisions\/12241"}],"wp:attachment":[{"href":"https:\/\/takanaka.ro\/ro\/wp-json\/wp\/v2\/media?parent=10325"}],"wp:term":[{"taxonomy":"product_brand","embeddable":true,"href":"https:\/\/takanaka.ro\/ro\/wp-json\/wp\/v2\/product_brand?post=10325"},{"taxonomy":"product_cat","embeddable":true,"href":"https:\/\/takanaka.ro\/ro\/wp-json\/wp\/v2\/product_cat?post=10325"},{"taxonomy":"product_tag","embeddable":true,"href":"https:\/\/takanaka.ro\/ro\/wp-json\/wp\/v2\/product_tag?post=10325"}],"curies":[{"name":"wp","href":"https:\/\/api.w.org\/{rel}","templated":true}]}}