{"id":7649,"date":"2020-05-25T16:06:02","date_gmt":"2020-05-25T13:06:02","guid":{"rendered":"https:\/\/takanaka.ro\/?page_id=7649"},"modified":"2021-04-09T11:21:36","modified_gmt":"2021-04-09T08:21:36","slug":"about-us","status":"publish","type":"page","link":"https:\/\/takanaka.ro\/ro\/about-us\/","title":{"rendered":"Despre noi"},"content":{"rendered":"<div data-elementor-type=\"wp-page\" data-elementor-id=\"7649\" class=\"elementor elementor-7649\" data-elementor-post-type=\"page\">\n\t\t\t\t\t\t<section class=\"elementor-section elementor-top-section elementor-element elementor-element-dcd2387 elementor-section-boxed elementor-section-height-default elementor-section-height-default\" data-id=\"dcd2387\" data-element_type=\"section\">\n\t\t\t\t\t\t<div class=\"elementor-container elementor-column-gap-default\">\n\t\t\t\t\t<div class=\"elementor-column elementor-col-100 elementor-top-column elementor-element elementor-element-14a47bf\" data-id=\"14a47bf\" data-element_type=\"column\">\n\t\t\t<div class=\"elementor-widget-wrap elementor-element-populated\">\n\t\t\t\t\t\t<div class=\"elementor-element elementor-element-be38cae elementor-widget elementor-widget-heading\" data-id=\"be38cae\" data-element_type=\"widget\" data-widget_type=\"heading.default\">\n\t\t\t\t<div class=\"elementor-widget-container\">\n\t\t\t\t\t<h2 class=\"elementor-heading-title elementor-size-default\">Despre noi<\/h2>\t\t\t\t<\/div>\n\t\t\t\t<\/div>\n\t\t\t\t\t<\/div>\n\t\t<\/div>\n\t\t\t\t\t<\/div>\n\t\t<\/section>\n\t\t\t\t<section class=\"elementor-section elementor-top-section elementor-element elementor-element-5e06ab5 elementor-section-boxed elementor-section-height-default elementor-section-height-default\" data-id=\"5e06ab5\" data-element_type=\"section\">\n\t\t\t\t\t\t<div class=\"elementor-container elementor-column-gap-default\">\n\t\t\t\t\t<div class=\"elementor-column elementor-col-100 elementor-top-column elementor-element elementor-element-97923a9\" data-id=\"97923a9\" data-element_type=\"column\">\n\t\t\t<div class=\"elementor-widget-wrap elementor-element-populated\">\n\t\t\t\t\t\t<div class=\"elementor-element elementor-element-57d2887 elementor-invisible elementor-widget elementor-widget-text-editor\" data-id=\"57d2887\" data-element_type=\"widget\" data-settings=\"{&quot;_animation&quot;:&quot;slideInLeft&quot;}\" data-widget_type=\"text-editor.default\">\n\t\t\t\t<div class=\"elementor-widget-container\">\n\t\t\t\t\t\t\t\t\t<p>\u00cen buc\u0103t\u0103ria noastr\u0103, cele mai bune ingrediente se \u00eent\u00e2lnesc cu experien\u021ba \u0219i imagina\u021bia buc\u0103tarilor no\u0219tri minuna\u021bi!<\/p>\t\t\t\t\t\t\t\t<\/div>\n\t\t\t\t<\/div>\n\t\t\t\t\t<\/div>\n\t\t<\/div>\n\t\t\t\t\t<\/div>\n\t\t<\/section>\n\t\t\t\t<section class=\"elementor-section elementor-top-section elementor-element elementor-element-58e6f50 elementor-section-boxed elementor-section-height-default elementor-section-height-default\" data-id=\"58e6f50\" data-element_type=\"section\">\n\t\t\t\t\t\t<div class=\"elementor-container elementor-column-gap-default\">\n\t\t\t\t\t<div class=\"elementor-column elementor-col-100 elementor-top-column elementor-element elementor-element-93feb8e\" data-id=\"93feb8e\" data-element_type=\"column\">\n\t\t\t<div class=\"elementor-widget-wrap elementor-element-populated\">\n\t\t\t\t\t\t<div class=\"elementor-element elementor-element-b80b56e elementor-invisible elementor-widget elementor-widget-text-editor\" data-id=\"b80b56e\" data-element_type=\"widget\" data-settings=\"{&quot;_animation&quot;:&quot;slideInRight&quot;}\" data-widget_type=\"text-editor.default\">\n\t\t\t\t<div class=\"elementor-widget-container\">\n\t\t\t\t\t\t\t\t\t<p>Fiecare fel de m\u00e2ncare este g\u00e2ndit de buc\u0103tari, aprobat de un nutri\u021bionist \u0219i preparat 100% \u00een buc\u0103t\u0103ria noastr\u0103, astfel \u00eenc\u00e2t pute\u021bi fi siguri c\u0103 utiliz\u0103m cele mai bune ingrediente \u0219i cele mai bune procese de g\u0103tit.<\/p>\t\t\t\t\t\t\t\t<\/div>\n\t\t\t\t<\/div>\n\t\t\t\t\t<\/div>\n\t\t<\/div>\n\t\t\t\t\t<\/div>\n\t\t<\/section>\n\t\t\t\t<section class=\"elementor-section elementor-top-section elementor-element elementor-element-1c455ea elementor-section-boxed elementor-section-height-default elementor-section-height-default\" data-id=\"1c455ea\" data-element_type=\"section\">\n\t\t\t\t\t\t<div class=\"elementor-container elementor-column-gap-default\">\n\t\t\t\t\t<div class=\"elementor-column elementor-col-100 elementor-top-column elementor-element elementor-element-65dcc53\" data-id=\"65dcc53\" data-element_type=\"column\">\n\t\t\t<div class=\"elementor-widget-wrap elementor-element-populated\">\n\t\t\t\t\t\t<div class=\"elementor-element elementor-element-9d42d9c elementor-invisible elementor-widget elementor-widget-text-editor\" data-id=\"9d42d9c\" data-element_type=\"widget\" data-settings=\"{&quot;_animation&quot;:&quot;slideInRight&quot;}\" data-widget_type=\"text-editor.default\">\n\t\t\t\t<div class=\"elementor-widget-container\">\n\t\t\t\t\t\t\t\t\t<p>Rezultatul: <br \/>O combina\u021bie de feluri de m\u00e2ncare care pot satisface chiar \u0219i cele mai sofisticate \u0219i diverse preferin\u021be culinare.<\/p>\t\t\t\t\t\t\t\t<\/div>\n\t\t\t\t<\/div>\n\t\t\t\t\t<\/div>\n\t\t<\/div>\n\t\t\t\t\t<\/div>\n\t\t<\/section>\n\t\t\t\t<\/div>","protected":false},"excerpt":{"rendered":"<p>About Us In our kitchen, the very finest ingredients meet the experience and imagination of our five-star chefs! Every dish is chef-crafted, nutritionist-approved and prepared from start to finish in our kitchen, so you can rest assured that the best seasonal ingredients and the best cooking processes are used. The result: A combination of dishes [&hellip;]<\/p>","protected":false},"author":1,"featured_media":0,"parent":0,"menu_order":0,"comment_status":"closed","ping_status":"closed","template":"template-fullwidth.php","meta":{"footnotes":""},"class_list":["post-7649","page","type-page","status-publish","hentry"],"_links":{"self":[{"href":"https:\/\/takanaka.ro\/ro\/wp-json\/wp\/v2\/pages\/7649","targetHints":{"allow":["GET"]}}],"collection":[{"href":"https:\/\/takanaka.ro\/ro\/wp-json\/wp\/v2\/pages"}],"about":[{"href":"https:\/\/takanaka.ro\/ro\/wp-json\/wp\/v2\/types\/page"}],"author":[{"embeddable":true,"href":"https:\/\/takanaka.ro\/ro\/wp-json\/wp\/v2\/users\/1"}],"replies":[{"embeddable":true,"href":"https:\/\/takanaka.ro\/ro\/wp-json\/wp\/v2\/comments?post=7649"}],"version-history":[{"count":14,"href":"https:\/\/takanaka.ro\/ro\/wp-json\/wp\/v2\/pages\/7649\/revisions"}],"predecessor-version":[{"id":9815,"href":"https:\/\/takanaka.ro\/ro\/wp-json\/wp\/v2\/pages\/7649\/revisions\/9815"}],"wp:attachment":[{"href":"https:\/\/takanaka.ro\/ro\/wp-json\/wp\/v2\/media?parent=7649"}],"curies":[{"name":"wp","href":"https:\/\/api.w.org\/{rel}","templated":true}]}}